{"id":7867,"date":"2017-10-11T10:39:54","date_gmt":"2017-10-11T08:39:54","guid":{"rendered":"https:\/\/pharmabest.pl\/sklep\/?post_type=product&#038;p=7867"},"modified":"2026-03-10T09:55:49","modified_gmt":"2026-03-10T08:55:49","slug":"laktoferyna-igg-dwupak","status":"publish","type":"product","link":"https:\/\/pharmabest.pl\/sklep\/produkt\/laktoferyna-igg-dwupak\/","title":{"rendered":"Laktoferyna IgG Pharmabest &#8211; 2 szt. + smycz"},"content":{"rendered":"<div class=\"wpb-content-wrapper\"><section id=\"easyCookie\" class=\"ec-fixed  ec-icon   ec-double-btn\" data-expiresdays=\"180\">\n\t\t<div>\n\t\t\t<div class=\"ec-infos\">\n\t\t\t\t<br>\r\nProsimy o przeczytanie tej informacji zanim klikniesz \u201eAkceptuj\u0119\u201d lub zamkniesz to okno. Pragniemy poinformowa\u0107 Ci\u0119, \u017ce Zgodnie z art. 13 ust. 1\u22122 rozporz\u0105dzenia Parlamentu Europejskiego i Rady (UE) 2016\/679 z 27.04.2016 (tzw. RODO), zapewniamy bezpiecze\u0144stwo danym, kt\u00f3re s\u0105 przetwarzane w ramach dzia\u0142ania naszej strony. Prosimy Ci\u0119 o zapoznanie si\u0119 z Polityk\u0105 Prywatno\u015bci naszej firmy. Klikaj\u0105c \u201eAkceptuj\u0119\u201d lub zamykaj\u0105c okno, zgadzasz si\u0119 na warunki przetwarzania swoich danych osobowych wyra\u017cone w <a href=\"\/polityka-prywatnosci\" style=\"color: #04afee;\"><b>Polityce Prywatno\u015bci<\/b><\/a>.\r\n<br><br>\n\t\t\t<\/div>\n\t\t\t<div class=\"ec-btns\">\n\t\t\t\t<a href=\"#\" class=\"ec-accept\">Akceptuj\u0119<\/a>\n\t\t\t\t<a href=\"http:\/\/pharmabest.pl\/sklep\/polityka-prywatnosci\" class=\"ec-empty\">Wi\u0119cej<\/a>\n\t\t\t<\/div>\n\t\t<\/div>\n\t<\/section><p>[vc_row][vc_column][vc_column_text]<strong>Laktoferyna <\/strong>to bia\u0142ko serwatkowe, naturalnie wyst\u0119puj\u0105ce w p\u0142ynach ustrojowych organizmu. Wytwarzana jest przez kom\u00f3rki b\u0142on \u015bluzowych oraz kom\u00f3rki uk\u0142adu odporno\u015bciowego \u2013 neutrofile.<\/p>\n<p><strong><em>Colostrum bovinum <\/em><\/strong>to siara bydl\u0119ca tzw. pierwsze mleko. Jest bogatym \u017ar\u00f3d\u0142em przeciwcia\u0142 IgG.<\/p>\n<p>Suplement diety w tabletkach do ssania. <strong><em>Colostrum bovinum <\/em><\/strong>+ <strong>laktoferyna <\/strong>+ <strong>witamina D<sub>3<\/sub><\/strong>. Zawiera substancj\u0119 s\u0142odz\u0105c\u0105.<\/p>\n<p><strong>Zalecana porcja do spo\u017cycia w ci\u0105gu dnia <\/strong>niezb\u0119dna do uzyskania korzystnego dzia\u0142ania produktu: dzieci powy\u017cej 3 r.\u017c.: 1-2 tabletki; doro\u015bli: 2-3 tabletki. Witamina D<sub>3<\/sub> przyczynia si\u0119 do prawid\u0142owego funkcjonowania uk\u0142adu odporno\u015bciowego dzieci i doros\u0142ych. Zr\u00f3wnowa\u017cona i zr\u00f3\u017cnicowana dieta oraz zdrowy tryb \u017cycia s\u0105 wa\u017cne dla zdrowia.<\/p>\n<p><strong>Spos\u00f3b u\u017cycia: <\/strong>dzieci powy\u017cej 3 r.\u017c. i doro\u015bli: tabletk\u0119 nale\u017cy ssa\u0107 jak najd\u0142u\u017cej, a\u017c do ca\u0142kowitego rozpuszczenia w ustach.<\/p>\n<p><strong>Najlepiej spo\u017cy\u0107 przed ko\u0144cem: <\/strong>data na boku opakowania. Przechowywa\u0107 w temperaturze poni\u017cej 25oC, w spos\u00f3b niedost\u0119pny dla ma\u0142ych dzieci, w oryginalnym opakowaniu w celu ochrony przed \u015bwiat\u0142em i wilgoci\u0105. Data minimalnej trwa\u0142o\u015bci dotyczy produktu przechowywanego zgodnie z zaleceniami producenta.<\/p>\n<p><strong>Wa\u017cne informacje: <\/strong>suplementy diety nie mog\u0105 by\u0107 stosowane jako zamiennik zr\u00f3\u017cnicowanej diety. Nie przekracza\u0107 zalecanej do spo\u017cycia dziennej porcji. Produkt bezglutenowy.<\/p>\n<p><strong>Sk\u0142adniki: <\/strong>substancja wype\u0142niaj\u0105ca: izomalt; <em>colostrum bovinum <\/em>\u2013 siara bydl\u0119ca (kolostrum z <strong>mleka <\/strong>krowiego, w tym 30% immunoglobuliny typu G); laktoferyna z <strong>mleka <\/strong>krowiego; aromaty; substancja przeciwzbrylaj\u0105ca: sole magnezowe kwas\u00f3w t\u0142uszczowych; dwutlenek krzemu; substancja s\u0142odz\u0105ca: sukraloza; cholekalcyferol (witamina D<sub>3<\/sub>).<\/p>\n<p>&nbsp;<\/p>\n<p>&nbsp;<\/p>\n<table>\n<tbody>\n<tr>\n<td width=\"219\"><strong>Sk\u0142adniki aktywne<\/strong><\/td>\n<td width=\"146\"><strong>w 1 tabletce<\/strong><\/td>\n<td width=\"146\"><strong>w 2 tabletkach<\/strong><\/td>\n<td width=\"146\"><strong>w 3 tabletkach<\/strong><\/td>\n<\/tr>\n<tr>\n<td width=\"219\"><em>Colostrum bovinum<\/em>,<\/p>\n<p>w tym immunoglobuliny typu G \u2013 IgG<\/td>\n<td width=\"146\">250 mg<\/p>\n<p>75 mg<\/td>\n<td width=\"146\">500 mg<\/p>\n<p>150 mg<\/td>\n<td width=\"146\">750 mg<\/p>\n<p>225 mg<\/td>\n<\/tr>\n<tr>\n<td width=\"219\">Laktoferyna<\/td>\n<td width=\"146\">100 mg<\/td>\n<td width=\"146\">200 mg<\/td>\n<td width=\"146\">300 mg<\/td>\n<\/tr>\n<tr>\n<td width=\"219\">&nbsp;<\/p>\n<p>Witamina D<sub>3<\/sub><\/td>\n<td width=\"146\">1,5 \u03bcg \/ 60 IU<\/p>\n<p>(30% RWS*)<\/td>\n<td width=\"146\">3,0 \u03bcg \/ 120 IU<\/p>\n<p>(60% RWS*)<\/td>\n<td width=\"146\">4,5 \u03bcg \/ 180 IU<\/p>\n<p>(90% RWS*)<\/td>\n<\/tr>\n<\/tbody>\n<\/table>\n<p>* RWS \u2013 Referencyjna Warto\u015b\u0107 Spo\u017cycia; IU \u2013 jednostki mi\u0119dzynarodowe<\/p>\n<p>[\/vc_column_text][\/vc_column][\/vc_row]<\/p>\n<\/div>","protected":false},"excerpt":{"rendered":"<p><strong>Suplement diety w postaci tabletek do ssania.<\/strong><\/p>\n","protected":false},"featured_media":8112,"comment_status":"open","ping_status":"closed","template":"","meta":{"_exactmetrics_skip_tracking":false,"_exactmetrics_sitenote_active":false,"_exactmetrics_sitenote_note":"","_exactmetrics_sitenote_category":0},"product_brand":[],"product_cat":[128],"product_tag":[131],"class_list":{"0":"post-7867","1":"product","2":"type-product","3":"status-publish","4":"has-post-thumbnail","6":"product_cat-laktoferyna","7":"product_tag-laktoferyna","9":"first","10":"instock","11":"shipping-taxable","12":"purchasable","13":"product-type-simple"},"yoast_head":"<!-- This site is optimized with the Yoast SEO plugin v27.4 - https:\/\/yoast.com\/product\/yoast-seo-wordpress\/ -->\n<title>Laktoferyna saszetki - Sklep Pharmabest Sp. z o.o.<\/title>\n<meta name=\"description\" content=\"Laktoferyna jest produktem w postaci proszku do sporz\u0105dzania zawiesiny doustnej. Jedna saszetka zawiera 100 mg laktoferyny z mleka krowiego.\" \/>\n<meta name=\"robots\" content=\"index, follow, max-snippet:-1, max-image-preview:large, max-video-preview:-1\" \/>\n<link rel=\"canonical\" href=\"https:\/\/pharmabest.pl\/sklep\/produkt\/laktoferyna-igg-dwupak\/\" \/>\n<meta property=\"og:locale\" content=\"pl_PL\" \/>\n<meta property=\"og:type\" content=\"article\" \/>\n<meta property=\"og:title\" content=\"Laktoferyna saszetki - Sklep Pharmabest Sp. z o.o.\" \/>\n<meta property=\"og:description\" content=\"Laktoferyna jest produktem w postaci proszku do sporz\u0105dzania zawiesiny doustnej. Jedna saszetka zawiera 100 mg laktoferyny z mleka krowiego.\" \/>\n<meta property=\"og:url\" content=\"https:\/\/pharmabest.pl\/sklep\/produkt\/laktoferyna-igg-dwupak\/\" \/>\n<meta property=\"og:site_name\" content=\"Sklep Pharmabest Sp. z o.o.\" \/>\n<meta property=\"article:publisher\" content=\"https:\/\/www.facebook.com\/pharmabest.polska\/\" \/>\n<meta property=\"article:modified_time\" content=\"2026-03-10T08:55:49+00:00\" \/>\n<meta property=\"og:image\" content=\"https:\/\/pharmabest.pl\/sklep\/wp-content\/uploads\/2017\/10\/Laktoferyna_IgG_2op_smycz_1000x1000_01.jpg\" \/>\n\t<meta property=\"og:image:width\" content=\"1000\" \/>\n\t<meta property=\"og:image:height\" content=\"1000\" \/>\n\t<meta property=\"og:image:type\" content=\"image\/jpeg\" \/>\n<meta name=\"twitter:card\" content=\"summary_large_image\" \/>\n<meta name=\"twitter:label1\" content=\"Szacowany czas czytania\" \/>\n\t<meta name=\"twitter:data1\" content=\"2 minuty\" \/>\n<script type=\"application\/ld+json\" class=\"yoast-schema-graph\">{\"@context\":\"https:\\\/\\\/schema.org\",\"@graph\":[{\"@type\":\"WebPage\",\"@id\":\"https:\\\/\\\/pharmabest.pl\\\/sklep\\\/produkt\\\/laktoferyna-igg-dwupak\\\/\",\"url\":\"https:\\\/\\\/pharmabest.pl\\\/sklep\\\/produkt\\\/laktoferyna-igg-dwupak\\\/\",\"name\":\"Laktoferyna saszetki - Sklep Pharmabest Sp. z o.o.\",\"isPartOf\":{\"@id\":\"https:\\\/\\\/pharmabest.pl\\\/sklep\\\/#website\"},\"primaryImageOfPage\":{\"@id\":\"https:\\\/\\\/pharmabest.pl\\\/sklep\\\/produkt\\\/laktoferyna-igg-dwupak\\\/#primaryimage\"},\"image\":{\"@id\":\"https:\\\/\\\/pharmabest.pl\\\/sklep\\\/produkt\\\/laktoferyna-igg-dwupak\\\/#primaryimage\"},\"thumbnailUrl\":\"https:\\\/\\\/pharmabest.pl\\\/sklep\\\/wp-content\\\/uploads\\\/2017\\\/10\\\/Laktoferyna_IgG_2op_smycz_1000x1000_01.jpg\",\"datePublished\":\"2017-10-11T08:39:54+00:00\",\"dateModified\":\"2026-03-10T08:55:49+00:00\",\"description\":\"Laktoferyna jest produktem w postaci proszku do sporz\u0105dzania zawiesiny doustnej. Jedna saszetka zawiera 100 mg laktoferyny z mleka krowiego.\",\"breadcrumb\":{\"@id\":\"https:\\\/\\\/pharmabest.pl\\\/sklep\\\/produkt\\\/laktoferyna-igg-dwupak\\\/#breadcrumb\"},\"inLanguage\":\"pl-PL\",\"potentialAction\":[{\"@type\":\"ReadAction\",\"target\":[\"https:\\\/\\\/pharmabest.pl\\\/sklep\\\/produkt\\\/laktoferyna-igg-dwupak\\\/\"]}]},{\"@type\":\"ImageObject\",\"inLanguage\":\"pl-PL\",\"@id\":\"https:\\\/\\\/pharmabest.pl\\\/sklep\\\/produkt\\\/laktoferyna-igg-dwupak\\\/#primaryimage\",\"url\":\"https:\\\/\\\/pharmabest.pl\\\/sklep\\\/wp-content\\\/uploads\\\/2017\\\/10\\\/Laktoferyna_IgG_2op_smycz_1000x1000_01.jpg\",\"contentUrl\":\"https:\\\/\\\/pharmabest.pl\\\/sklep\\\/wp-content\\\/uploads\\\/2017\\\/10\\\/Laktoferyna_IgG_2op_smycz_1000x1000_01.jpg\",\"width\":1000,\"height\":1000},{\"@type\":\"BreadcrumbList\",\"@id\":\"https:\\\/\\\/pharmabest.pl\\\/sklep\\\/produkt\\\/laktoferyna-igg-dwupak\\\/#breadcrumb\",\"itemListElement\":[{\"@type\":\"ListItem\",\"position\":1,\"name\":\"Strona g\u0142\u00f3wna\",\"item\":\"https:\\\/\\\/pharmabest.pl\\\/sklep\\\/\"},{\"@type\":\"ListItem\",\"position\":2,\"name\":\"Sklep\",\"item\":\"https:\\\/\\\/pharmabest.pl\\\/sklep\\\/sklep\\\/\"},{\"@type\":\"ListItem\",\"position\":3,\"name\":\"Laktoferyna IgG Pharmabest &#8211; 2 szt. + smycz\"}]},{\"@type\":\"WebSite\",\"@id\":\"https:\\\/\\\/pharmabest.pl\\\/sklep\\\/#website\",\"url\":\"https:\\\/\\\/pharmabest.pl\\\/sklep\\\/\",\"name\":\"Sklep Pharmabest Sp. z o.o.\",\"description\":\"Przedmiotem dzia\u0142alno\u015bci sp\u00f3\u0142ki jest dystrybucja wysokiej jako\u015bci produkt\u00f3w \u017cywno\u015bciowych oraz wyrob\u00f3w medycznych. Poszukujemy, rozwijamy i wdra\u017camy nowe marki dla polskich pacjent\u00f3w, kt\u00f3re nie by\u0142y dot\u0105d dost\u0119pne.\",\"publisher\":{\"@id\":\"https:\\\/\\\/pharmabest.pl\\\/sklep\\\/#organization\"},\"potentialAction\":[{\"@type\":\"SearchAction\",\"target\":{\"@type\":\"EntryPoint\",\"urlTemplate\":\"https:\\\/\\\/pharmabest.pl\\\/sklep\\\/?s={search_term_string}\"},\"query-input\":{\"@type\":\"PropertyValueSpecification\",\"valueRequired\":true,\"valueName\":\"search_term_string\"}}],\"inLanguage\":\"pl-PL\"},{\"@type\":\"Organization\",\"@id\":\"https:\\\/\\\/pharmabest.pl\\\/sklep\\\/#organization\",\"name\":\"Pharmabest Sp. z o.o.\",\"url\":\"https:\\\/\\\/pharmabest.pl\\\/sklep\\\/\",\"logo\":{\"@type\":\"ImageObject\",\"inLanguage\":\"pl-PL\",\"@id\":\"https:\\\/\\\/pharmabest.pl\\\/sklep\\\/#\\\/schema\\\/logo\\\/image\\\/\",\"url\":\"https:\\\/\\\/pharmabest.pl\\\/sklep\\\/wp-content\\\/uploads\\\/2018\\\/10\\\/logo-ma\u0142e.png\",\"contentUrl\":\"https:\\\/\\\/pharmabest.pl\\\/sklep\\\/wp-content\\\/uploads\\\/2018\\\/10\\\/logo-ma\u0142e.png\",\"width\":340,\"height\":48,\"caption\":\"Pharmabest Sp. z o.o.\"},\"image\":{\"@id\":\"https:\\\/\\\/pharmabest.pl\\\/sklep\\\/#\\\/schema\\\/logo\\\/image\\\/\"},\"sameAs\":[\"https:\\\/\\\/www.facebook.com\\\/pharmabest.polska\\\/\"]}]}<\/script>\n<!-- \/ Yoast SEO plugin. -->","yoast_head_json":{"title":"Laktoferyna saszetki - Sklep Pharmabest Sp. z o.o.","description":"Laktoferyna jest produktem w postaci proszku do sporz\u0105dzania zawiesiny doustnej. Jedna saszetka zawiera 100 mg laktoferyny z mleka krowiego.","robots":{"index":"index","follow":"follow","max-snippet":"max-snippet:-1","max-image-preview":"max-image-preview:large","max-video-preview":"max-video-preview:-1"},"canonical":"https:\/\/pharmabest.pl\/sklep\/produkt\/laktoferyna-igg-dwupak\/","og_locale":"pl_PL","og_type":"article","og_title":"Laktoferyna saszetki - Sklep Pharmabest Sp. z o.o.","og_description":"Laktoferyna jest produktem w postaci proszku do sporz\u0105dzania zawiesiny doustnej. Jedna saszetka zawiera 100 mg laktoferyny z mleka krowiego.","og_url":"https:\/\/pharmabest.pl\/sklep\/produkt\/laktoferyna-igg-dwupak\/","og_site_name":"Sklep Pharmabest Sp. z o.o.","article_publisher":"https:\/\/www.facebook.com\/pharmabest.polska\/","article_modified_time":"2026-03-10T08:55:49+00:00","og_image":[{"width":1000,"height":1000,"url":"https:\/\/pharmabest.pl\/sklep\/wp-content\/uploads\/2017\/10\/Laktoferyna_IgG_2op_smycz_1000x1000_01.jpg","type":"image\/jpeg"}],"twitter_card":"summary_large_image","twitter_misc":{"Szacowany czas czytania":"2 minuty"},"schema":{"@context":"https:\/\/schema.org","@graph":[{"@type":"WebPage","@id":"https:\/\/pharmabest.pl\/sklep\/produkt\/laktoferyna-igg-dwupak\/","url":"https:\/\/pharmabest.pl\/sklep\/produkt\/laktoferyna-igg-dwupak\/","name":"Laktoferyna saszetki - Sklep Pharmabest Sp. z o.o.","isPartOf":{"@id":"https:\/\/pharmabest.pl\/sklep\/#website"},"primaryImageOfPage":{"@id":"https:\/\/pharmabest.pl\/sklep\/produkt\/laktoferyna-igg-dwupak\/#primaryimage"},"image":{"@id":"https:\/\/pharmabest.pl\/sklep\/produkt\/laktoferyna-igg-dwupak\/#primaryimage"},"thumbnailUrl":"https:\/\/pharmabest.pl\/sklep\/wp-content\/uploads\/2017\/10\/Laktoferyna_IgG_2op_smycz_1000x1000_01.jpg","datePublished":"2017-10-11T08:39:54+00:00","dateModified":"2026-03-10T08:55:49+00:00","description":"Laktoferyna jest produktem w postaci proszku do sporz\u0105dzania zawiesiny doustnej. Jedna saszetka zawiera 100 mg laktoferyny z mleka krowiego.","breadcrumb":{"@id":"https:\/\/pharmabest.pl\/sklep\/produkt\/laktoferyna-igg-dwupak\/#breadcrumb"},"inLanguage":"pl-PL","potentialAction":[{"@type":"ReadAction","target":["https:\/\/pharmabest.pl\/sklep\/produkt\/laktoferyna-igg-dwupak\/"]}]},{"@type":"ImageObject","inLanguage":"pl-PL","@id":"https:\/\/pharmabest.pl\/sklep\/produkt\/laktoferyna-igg-dwupak\/#primaryimage","url":"https:\/\/pharmabest.pl\/sklep\/wp-content\/uploads\/2017\/10\/Laktoferyna_IgG_2op_smycz_1000x1000_01.jpg","contentUrl":"https:\/\/pharmabest.pl\/sklep\/wp-content\/uploads\/2017\/10\/Laktoferyna_IgG_2op_smycz_1000x1000_01.jpg","width":1000,"height":1000},{"@type":"BreadcrumbList","@id":"https:\/\/pharmabest.pl\/sklep\/produkt\/laktoferyna-igg-dwupak\/#breadcrumb","itemListElement":[{"@type":"ListItem","position":1,"name":"Strona g\u0142\u00f3wna","item":"https:\/\/pharmabest.pl\/sklep\/"},{"@type":"ListItem","position":2,"name":"Sklep","item":"https:\/\/pharmabest.pl\/sklep\/sklep\/"},{"@type":"ListItem","position":3,"name":"Laktoferyna IgG Pharmabest &#8211; 2 szt. + smycz"}]},{"@type":"WebSite","@id":"https:\/\/pharmabest.pl\/sklep\/#website","url":"https:\/\/pharmabest.pl\/sklep\/","name":"Sklep Pharmabest Sp. z o.o.","description":"Przedmiotem dzia\u0142alno\u015bci sp\u00f3\u0142ki jest dystrybucja wysokiej jako\u015bci produkt\u00f3w \u017cywno\u015bciowych oraz wyrob\u00f3w medycznych. Poszukujemy, rozwijamy i wdra\u017camy nowe marki dla polskich pacjent\u00f3w, kt\u00f3re nie by\u0142y dot\u0105d dost\u0119pne.","publisher":{"@id":"https:\/\/pharmabest.pl\/sklep\/#organization"},"potentialAction":[{"@type":"SearchAction","target":{"@type":"EntryPoint","urlTemplate":"https:\/\/pharmabest.pl\/sklep\/?s={search_term_string}"},"query-input":{"@type":"PropertyValueSpecification","valueRequired":true,"valueName":"search_term_string"}}],"inLanguage":"pl-PL"},{"@type":"Organization","@id":"https:\/\/pharmabest.pl\/sklep\/#organization","name":"Pharmabest Sp. z o.o.","url":"https:\/\/pharmabest.pl\/sklep\/","logo":{"@type":"ImageObject","inLanguage":"pl-PL","@id":"https:\/\/pharmabest.pl\/sklep\/#\/schema\/logo\/image\/","url":"https:\/\/pharmabest.pl\/sklep\/wp-content\/uploads\/2018\/10\/logo-ma\u0142e.png","contentUrl":"https:\/\/pharmabest.pl\/sklep\/wp-content\/uploads\/2018\/10\/logo-ma\u0142e.png","width":340,"height":48,"caption":"Pharmabest Sp. z o.o."},"image":{"@id":"https:\/\/pharmabest.pl\/sklep\/#\/schema\/logo\/image\/"},"sameAs":["https:\/\/www.facebook.com\/pharmabest.polska\/"]}]}},"_links":{"self":[{"href":"https:\/\/pharmabest.pl\/sklep\/wp-json\/wp\/v2\/product\/7867","targetHints":{"allow":["GET"]}}],"collection":[{"href":"https:\/\/pharmabest.pl\/sklep\/wp-json\/wp\/v2\/product"}],"about":[{"href":"https:\/\/pharmabest.pl\/sklep\/wp-json\/wp\/v2\/types\/product"}],"replies":[{"embeddable":true,"href":"https:\/\/pharmabest.pl\/sklep\/wp-json\/wp\/v2\/comments?post=7867"}],"wp:featuredmedia":[{"embeddable":true,"href":"https:\/\/pharmabest.pl\/sklep\/wp-json\/wp\/v2\/media\/8112"}],"wp:attachment":[{"href":"https:\/\/pharmabest.pl\/sklep\/wp-json\/wp\/v2\/media?parent=7867"}],"wp:term":[{"taxonomy":"product_brand","embeddable":true,"href":"https:\/\/pharmabest.pl\/sklep\/wp-json\/wp\/v2\/product_brand?post=7867"},{"taxonomy":"product_cat","embeddable":true,"href":"https:\/\/pharmabest.pl\/sklep\/wp-json\/wp\/v2\/product_cat?post=7867"},{"taxonomy":"product_tag","embeddable":true,"href":"https:\/\/pharmabest.pl\/sklep\/wp-json\/wp\/v2\/product_tag?post=7867"}],"curies":[{"name":"wp","href":"https:\/\/api.w.org\/{rel}","templated":true}]}}