{"id":5962,"date":"2018-10-11T11:37:59","date_gmt":"2018-10-11T09:37:59","guid":{"rendered":"http:\/\/www.ameti2.hekko24.pl\/?post_type=product&#038;p=5962"},"modified":"2025-06-25T10:36:56","modified_gmt":"2025-06-25T08:36:56","slug":"vivomixx-mikro","status":"publish","type":"product","link":"https:\/\/pharmabest.pl\/sklep\/produkt\/vivomixx-mikro\/","title":{"rendered":"Vivomixx\u00ae Mikrokapsu\u0142ki"},"content":{"rendered":"<section id=\"easyCookie\" class=\"ec-fixed  ec-icon   ec-double-btn\" data-expiresdays=\"180\">\n\t\t<div>\n\t\t\t<div class=\"ec-infos\">\n\t\t\t\t<br>\r\nProsimy o przeczytanie tej informacji zanim klikniesz \u201eAkceptuj\u0119\u201d lub zamkniesz to okno. Pragniemy poinformowa\u0107 Ci\u0119, \u017ce Zgodnie z art. 13 ust. 1\u22122 rozporz\u0105dzenia Parlamentu Europejskiego i Rady (UE) 2016\/679 z 27.04.2016 (tzw. RODO), zapewniamy bezpiecze\u0144stwo danym, kt\u00f3re s\u0105 przetwarzane w ramach dzia\u0142ania naszej strony. Prosimy Ci\u0119 o zapoznanie si\u0119 z Polityk\u0105 Prywatno\u015bci naszej firmy. Klikaj\u0105c \u201eAkceptuj\u0119\u201d lub zamykaj\u0105c okno, zgadzasz si\u0119 na warunki przetwarzania swoich danych osobowych wyra\u017cone w <a href=\"\/polityka-prywatnosci\" style=\"color: #04afee;\"><b>Polityce Prywatno\u015bci<\/b><\/a>.\r\n<br><br>\n\t\t\t<\/div>\n\t\t\t<div class=\"ec-btns\">\n\t\t\t\t<a href=\"#\" class=\"ec-accept\">Akceptuj\u0119<\/a>\n\t\t\t\t<a href=\"http:\/\/pharmabest.pl\/sklep\/polityka-prywatnosci\" class=\"ec-empty\">Wi\u0119cej<\/a>\n\t\t\t<\/div>\n\t\t<\/div>\n\t<\/section><p><b>Suplement diety w postaci mikrokapsu\u0142ek<\/b><\/p>\n<p><b>Informacje og\u00f3lne:<\/b>\u00a0zawiera liofilizat 8 szczep\u00f3w \u017cywych kultur bakterii probiotycznych \u2013\u00a0<b>De Simone Formulation<\/b>. Przeznaczony do suplementacji diety dzieci powy\u017cej 3 lat i doros\u0142ych. Mikrokapsu\u0142ka zawiera 10 miliard\u00f3w (10 \u00d7 10<strong><sup>9<\/sup><\/strong>) jednostek tworz\u0105cych kolonie (jtk.). Rozmiar mikrokapsu\u0142ek znacznie u\u0142atwia ich prze\u0142ykanie w przypadku m\u0142odszych dzieci i os\u00f3b starszych.<\/p>\n<p>30 kapsu\u0142ek twardych po 0,142 g<br \/>\nMasa netto: 4,26 g<\/p>\n<p>&nbsp;<\/p>\n<p><b>Zalecana porcja do spo\u017cycia w ci\u0105gu dnia:<\/b>\u00a01-4 kapsu\u0142ki.<\/p>\n<p>&nbsp;<\/p>\n<p><strong>Sk\u0142adniki:<\/strong> substancja glazuruj\u0105ca pochodzenia ro\u015blinnego (kapsu\u0142ka): hydroksypropylometyloceluloza; liofilizowane \u017cywe kultury bakterii (wytworzone z udzia\u0142em pochodnych <strong>mleka<\/strong>): <em>Streptococcus thermophilus<\/em>\u00a0DSM24731<sup>\u00ae<\/sup>\u00a0\/ NCIMB 30438,\u00a0<em>Bifidobacterium breve<\/em>\u00a0DSM24732<sup>\u00ae<\/sup>\u00a0\/ NCIMB 30441,\u00a0<em>Bifidobacterium longum<\/em>\u00a0DSM24736<sup>\u00ae<\/sup>\u00a0\/ NCIMB 30435*,\u00a0<em>Bifidobacterium infantis<\/em>\u00a0DSM24737<sup>\u00ae<\/sup>\u00a0\/ NCIMB 30436*,\u00a0<em>Lactobacillus acidophilus<\/em>\u00a0DSM24735<sup>\u00ae<\/sup>\u00a0\/ NCIMB 30442,\u00a0<em>Lactobacillus plantarum<\/em>\u00a0DSM24730<sup>\u00ae<\/sup>\u00a0\/ NCIMB 30437,\u00a0<em>Lactobacillus paracasei<\/em>\u00a0DSM24733<sup>\u00ae<\/sup>\u00a0\/ NCIMB 30439,\u00a0<em>Lactobacillus delbrueckii subsp. bulgaricus<\/em>\u00a0DSM24734<sup>\u00ae<\/sup>\u00a0\/ NCIMB 30440**; substancja wype\u0142niaj\u0105ca &#8211; celuloza mikrokrystaliczna; substancje przeciwzbrylaj\u0105ce: kwasy t\u0142uszczowe, sole magnezowe kwas\u00f3w t\u0142uszczowych.<\/p>\n<p>*przeklasyfikowano jako B. lactis;<br \/>\n** przeklasyfikowano jako L. helveticus;<\/p>\n<table>\n<tbody>\n<tr>\n<td width=\"272\"><strong>Sk\u0142adniki<\/strong><\/td>\n<td width=\"231\"><strong>w 1 kapsu\u0142ce<\/strong><\/td>\n<td width=\"256\"><strong>w 4 kapsu\u0142kach<\/strong><\/td>\n<\/tr>\n<tr>\n<td width=\"272\"><strong>liofilizowane \u017cywe kultury bakterii<\/strong><\/td>\n<td width=\"231\"><strong>10 x 10<sup>9<\/sup> jtk.<\/strong><\/td>\n<td width=\"256\"><strong>40 x 10<sup>9<\/sup> jtk.<\/strong><\/td>\n<\/tr>\n<\/tbody>\n<\/table>\n<p>&nbsp;<\/p>\n<p><b>Spos\u00f3b przygotowania i u\u017cycia:<\/b>\u00a0kapsu\u0142k\u0119 nale\u017cy po\u0142kn\u0105\u0107 i popi\u0107 letni\u0105 wod\u0105 lub innym letnim p\u0142ynem (mleko, sok, jogurt). Kapsu\u0142k\u0119 mo\u017cna tak\u017ce otworzy\u0107, a jej zawarto\u015b\u0107 spo\u017cy\u0107 bezpo\u015brednio lub po rozpuszczeniu w letnim p\u0142ynie. Zawarto\u015bci kapsu\u0142ki nie nale\u017cy rozpuszcza\u0107 w p\u0142ynach gor\u0105cych ani gazowanych.<\/p>\n<p>&nbsp;<\/p>\n<p><b>Przechowywa\u0107 w temperaturze poni\u017cej 25<\/b><b>\u00b0<\/b><b>C<\/b>, w oryginalnym opakowaniu w celu ochrony przed \u015bwiat\u0142em i wilgoci\u0105.<\/p>\n<p>&nbsp;<\/p>\n<p><b>Wa\u017cne informacje:<\/b>\u00a0suplementy diety powinny by\u0107 przechowywane w spos\u00f3b niedost\u0119pny dla ma\u0142ych dzieci. Suplementy diety nie mog\u0105 by\u0107 stosowane jako zamiennik zr\u00f3\u017cnicowanej diety. Nie przekracza\u0107 porcji zalecanej do spo\u017cycia w ci\u0105gu dnia.\u00a0<b>Produkt bezglutenowy, bez laktozy<\/b>.<\/p>\n<p>Wyprodukowano w UE.<\/p>\n","protected":false},"excerpt":{"rendered":"<p><strong>WK\u0141AD TERMICZNY<\/strong><\/p>\n<p>Ten produkt wysy\u0142amy w przesy\u0142ce zawieraj\u0105cej wk\u0142ad termiczny. Gwarantuje on zachowanie w\u0142a\u015bciwo\u015bci produktu podczas transportu. Koszt opakowania oraz wk\u0142adu termicznego wynosi 13,00 z\u0142 brutto i zostanie doliczony przy realizacji zam\u00f3wienia.<\/p>\n<p><strong>Suplement diety.<\/strong><\/p>\n<p><span style=\"color: #ff0000;\">BRAK W MAGAZYNIE<\/span><\/p>\n","protected":false},"featured_media":12203,"comment_status":"open","ping_status":"closed","template":"","meta":{"_exactmetrics_skip_tracking":false,"_exactmetrics_sitenote_active":false,"_exactmetrics_sitenote_note":"","_exactmetrics_sitenote_category":0},"product_brand":[],"product_cat":[140,139],"product_tag":[134,146,142,141],"class_list":{"0":"post-5962","1":"product","2":"type-product","3":"status-publish","4":"has-post-thumbnail","6":"product_cat-probiotyki","7":"product_cat-vivomixx","8":"product_tag-krople","9":"product_tag-micro","10":"product_tag-probiotyki","11":"product_tag-vivomixx","12":"product_shipping_class-wklad-termiczny","14":"first","15":"instock","16":"shipping-taxable","17":"product-type-external"},"yoast_head":"<!-- This site is optimized with the Yoast SEO plugin v27.4 - https:\/\/yoast.com\/product\/yoast-seo-wordpress\/ -->\n<title>Vivomixx\u00ae Mikrokapsu\u0142ki - Sklep Pharmabest Sp. z o.o.<\/title>\n<meta name=\"description\" content=\"Vivomixx kapsu\u0142ki micro - Suplement diety w postaci kapsu\u0142ek, zawieraj\u0105cy liofilizat \u017cywych kultur bakterii dla dzieci powy\u017cej 3 lat i os\u00f3b doros\u0142ych.\" \/>\n<meta name=\"robots\" content=\"index, follow, max-snippet:-1, max-image-preview:large, max-video-preview:-1\" \/>\n<link rel=\"canonical\" href=\"https:\/\/pharmabest.pl\/sklep\/produkt\/vivomixx-mikro\/\" \/>\n<meta property=\"og:locale\" content=\"pl_PL\" \/>\n<meta property=\"og:type\" content=\"article\" \/>\n<meta property=\"og:title\" content=\"Vivomixx\u00ae Mikrokapsu\u0142ki - Sklep Pharmabest Sp. z o.o.\" \/>\n<meta property=\"og:description\" content=\"Vivomixx kapsu\u0142ki micro - Suplement diety w postaci kapsu\u0142ek, zawieraj\u0105cy liofilizat \u017cywych kultur bakterii dla dzieci powy\u017cej 3 lat i os\u00f3b doros\u0142ych.\" \/>\n<meta property=\"og:url\" content=\"https:\/\/pharmabest.pl\/sklep\/produkt\/vivomixx-mikro\/\" \/>\n<meta property=\"og:site_name\" content=\"Sklep Pharmabest Sp. z o.o.\" \/>\n<meta property=\"article:publisher\" content=\"https:\/\/www.facebook.com\/pharmabest.polska\/\" \/>\n<meta property=\"article:modified_time\" content=\"2025-06-25T08:36:56+00:00\" \/>\n<meta property=\"og:image\" content=\"https:\/\/pharmabest.pl\/sklep\/wp-content\/uploads\/2018\/10\/Vivomixx_Mikro_11_2023.png\" \/>\n\t<meta property=\"og:image:width\" content=\"1000\" \/>\n\t<meta property=\"og:image:height\" content=\"1000\" \/>\n\t<meta property=\"og:image:type\" content=\"image\/png\" \/>\n<meta name=\"twitter:card\" content=\"summary_large_image\" \/>\n<meta name=\"twitter:label1\" content=\"Szacowany czas czytania\" \/>\n\t<meta name=\"twitter:data1\" content=\"2 minuty\" \/>\n<script type=\"application\/ld+json\" class=\"yoast-schema-graph\">{\"@context\":\"https:\\\/\\\/schema.org\",\"@graph\":[{\"@type\":\"WebPage\",\"@id\":\"https:\\\/\\\/pharmabest.pl\\\/sklep\\\/produkt\\\/vivomixx-mikro\\\/\",\"url\":\"https:\\\/\\\/pharmabest.pl\\\/sklep\\\/produkt\\\/vivomixx-mikro\\\/\",\"name\":\"Vivomixx\u00ae Mikrokapsu\u0142ki - Sklep Pharmabest Sp. z o.o.\",\"isPartOf\":{\"@id\":\"https:\\\/\\\/pharmabest.pl\\\/sklep\\\/#website\"},\"primaryImageOfPage\":{\"@id\":\"https:\\\/\\\/pharmabest.pl\\\/sklep\\\/produkt\\\/vivomixx-mikro\\\/#primaryimage\"},\"image\":{\"@id\":\"https:\\\/\\\/pharmabest.pl\\\/sklep\\\/produkt\\\/vivomixx-mikro\\\/#primaryimage\"},\"thumbnailUrl\":\"https:\\\/\\\/pharmabest.pl\\\/sklep\\\/wp-content\\\/uploads\\\/2018\\\/10\\\/Vivomixx_Mikro_11_2023.png\",\"datePublished\":\"2018-10-11T09:37:59+00:00\",\"dateModified\":\"2025-06-25T08:36:56+00:00\",\"description\":\"Vivomixx kapsu\u0142ki micro - Suplement diety w postaci kapsu\u0142ek, zawieraj\u0105cy liofilizat \u017cywych kultur bakterii dla dzieci powy\u017cej 3 lat i os\u00f3b doros\u0142ych.\",\"breadcrumb\":{\"@id\":\"https:\\\/\\\/pharmabest.pl\\\/sklep\\\/produkt\\\/vivomixx-mikro\\\/#breadcrumb\"},\"inLanguage\":\"pl-PL\",\"potentialAction\":[{\"@type\":\"ReadAction\",\"target\":[\"https:\\\/\\\/pharmabest.pl\\\/sklep\\\/produkt\\\/vivomixx-mikro\\\/\"]}]},{\"@type\":\"ImageObject\",\"inLanguage\":\"pl-PL\",\"@id\":\"https:\\\/\\\/pharmabest.pl\\\/sklep\\\/produkt\\\/vivomixx-mikro\\\/#primaryimage\",\"url\":\"https:\\\/\\\/pharmabest.pl\\\/sklep\\\/wp-content\\\/uploads\\\/2018\\\/10\\\/Vivomixx_Mikro_11_2023.png\",\"contentUrl\":\"https:\\\/\\\/pharmabest.pl\\\/sklep\\\/wp-content\\\/uploads\\\/2018\\\/10\\\/Vivomixx_Mikro_11_2023.png\",\"width\":1000,\"height\":1000},{\"@type\":\"BreadcrumbList\",\"@id\":\"https:\\\/\\\/pharmabest.pl\\\/sklep\\\/produkt\\\/vivomixx-mikro\\\/#breadcrumb\",\"itemListElement\":[{\"@type\":\"ListItem\",\"position\":1,\"name\":\"Strona g\u0142\u00f3wna\",\"item\":\"https:\\\/\\\/pharmabest.pl\\\/sklep\\\/\"},{\"@type\":\"ListItem\",\"position\":2,\"name\":\"Sklep\",\"item\":\"https:\\\/\\\/pharmabest.pl\\\/sklep\\\/sklep\\\/\"},{\"@type\":\"ListItem\",\"position\":3,\"name\":\"Vivomixx\u00ae Mikrokapsu\u0142ki\"}]},{\"@type\":\"WebSite\",\"@id\":\"https:\\\/\\\/pharmabest.pl\\\/sklep\\\/#website\",\"url\":\"https:\\\/\\\/pharmabest.pl\\\/sklep\\\/\",\"name\":\"Sklep Pharmabest Sp. z o.o.\",\"description\":\"Przedmiotem dzia\u0142alno\u015bci sp\u00f3\u0142ki jest dystrybucja wysokiej jako\u015bci produkt\u00f3w \u017cywno\u015bciowych oraz wyrob\u00f3w medycznych. Poszukujemy, rozwijamy i wdra\u017camy nowe marki dla polskich pacjent\u00f3w, kt\u00f3re nie by\u0142y dot\u0105d dost\u0119pne.\",\"publisher\":{\"@id\":\"https:\\\/\\\/pharmabest.pl\\\/sklep\\\/#organization\"},\"potentialAction\":[{\"@type\":\"SearchAction\",\"target\":{\"@type\":\"EntryPoint\",\"urlTemplate\":\"https:\\\/\\\/pharmabest.pl\\\/sklep\\\/?s={search_term_string}\"},\"query-input\":{\"@type\":\"PropertyValueSpecification\",\"valueRequired\":true,\"valueName\":\"search_term_string\"}}],\"inLanguage\":\"pl-PL\"},{\"@type\":\"Organization\",\"@id\":\"https:\\\/\\\/pharmabest.pl\\\/sklep\\\/#organization\",\"name\":\"Pharmabest Sp. z o.o.\",\"url\":\"https:\\\/\\\/pharmabest.pl\\\/sklep\\\/\",\"logo\":{\"@type\":\"ImageObject\",\"inLanguage\":\"pl-PL\",\"@id\":\"https:\\\/\\\/pharmabest.pl\\\/sklep\\\/#\\\/schema\\\/logo\\\/image\\\/\",\"url\":\"https:\\\/\\\/pharmabest.pl\\\/sklep\\\/wp-content\\\/uploads\\\/2018\\\/10\\\/logo-ma\u0142e.png\",\"contentUrl\":\"https:\\\/\\\/pharmabest.pl\\\/sklep\\\/wp-content\\\/uploads\\\/2018\\\/10\\\/logo-ma\u0142e.png\",\"width\":340,\"height\":48,\"caption\":\"Pharmabest Sp. z o.o.\"},\"image\":{\"@id\":\"https:\\\/\\\/pharmabest.pl\\\/sklep\\\/#\\\/schema\\\/logo\\\/image\\\/\"},\"sameAs\":[\"https:\\\/\\\/www.facebook.com\\\/pharmabest.polska\\\/\"]}]}<\/script>\n<!-- \/ Yoast SEO plugin. -->","yoast_head_json":{"title":"Vivomixx\u00ae Mikrokapsu\u0142ki - Sklep Pharmabest Sp. z o.o.","description":"Vivomixx kapsu\u0142ki micro - Suplement diety w postaci kapsu\u0142ek, zawieraj\u0105cy liofilizat \u017cywych kultur bakterii dla dzieci powy\u017cej 3 lat i os\u00f3b doros\u0142ych.","robots":{"index":"index","follow":"follow","max-snippet":"max-snippet:-1","max-image-preview":"max-image-preview:large","max-video-preview":"max-video-preview:-1"},"canonical":"https:\/\/pharmabest.pl\/sklep\/produkt\/vivomixx-mikro\/","og_locale":"pl_PL","og_type":"article","og_title":"Vivomixx\u00ae Mikrokapsu\u0142ki - Sklep Pharmabest Sp. z o.o.","og_description":"Vivomixx kapsu\u0142ki micro - Suplement diety w postaci kapsu\u0142ek, zawieraj\u0105cy liofilizat \u017cywych kultur bakterii dla dzieci powy\u017cej 3 lat i os\u00f3b doros\u0142ych.","og_url":"https:\/\/pharmabest.pl\/sklep\/produkt\/vivomixx-mikro\/","og_site_name":"Sklep Pharmabest Sp. z o.o.","article_publisher":"https:\/\/www.facebook.com\/pharmabest.polska\/","article_modified_time":"2025-06-25T08:36:56+00:00","og_image":[{"width":1000,"height":1000,"url":"https:\/\/pharmabest.pl\/sklep\/wp-content\/uploads\/2018\/10\/Vivomixx_Mikro_11_2023.png","type":"image\/png"}],"twitter_card":"summary_large_image","twitter_misc":{"Szacowany czas czytania":"2 minuty"},"schema":{"@context":"https:\/\/schema.org","@graph":[{"@type":"WebPage","@id":"https:\/\/pharmabest.pl\/sklep\/produkt\/vivomixx-mikro\/","url":"https:\/\/pharmabest.pl\/sklep\/produkt\/vivomixx-mikro\/","name":"Vivomixx\u00ae Mikrokapsu\u0142ki - Sklep Pharmabest Sp. z o.o.","isPartOf":{"@id":"https:\/\/pharmabest.pl\/sklep\/#website"},"primaryImageOfPage":{"@id":"https:\/\/pharmabest.pl\/sklep\/produkt\/vivomixx-mikro\/#primaryimage"},"image":{"@id":"https:\/\/pharmabest.pl\/sklep\/produkt\/vivomixx-mikro\/#primaryimage"},"thumbnailUrl":"https:\/\/pharmabest.pl\/sklep\/wp-content\/uploads\/2018\/10\/Vivomixx_Mikro_11_2023.png","datePublished":"2018-10-11T09:37:59+00:00","dateModified":"2025-06-25T08:36:56+00:00","description":"Vivomixx kapsu\u0142ki micro - Suplement diety w postaci kapsu\u0142ek, zawieraj\u0105cy liofilizat \u017cywych kultur bakterii dla dzieci powy\u017cej 3 lat i os\u00f3b doros\u0142ych.","breadcrumb":{"@id":"https:\/\/pharmabest.pl\/sklep\/produkt\/vivomixx-mikro\/#breadcrumb"},"inLanguage":"pl-PL","potentialAction":[{"@type":"ReadAction","target":["https:\/\/pharmabest.pl\/sklep\/produkt\/vivomixx-mikro\/"]}]},{"@type":"ImageObject","inLanguage":"pl-PL","@id":"https:\/\/pharmabest.pl\/sklep\/produkt\/vivomixx-mikro\/#primaryimage","url":"https:\/\/pharmabest.pl\/sklep\/wp-content\/uploads\/2018\/10\/Vivomixx_Mikro_11_2023.png","contentUrl":"https:\/\/pharmabest.pl\/sklep\/wp-content\/uploads\/2018\/10\/Vivomixx_Mikro_11_2023.png","width":1000,"height":1000},{"@type":"BreadcrumbList","@id":"https:\/\/pharmabest.pl\/sklep\/produkt\/vivomixx-mikro\/#breadcrumb","itemListElement":[{"@type":"ListItem","position":1,"name":"Strona g\u0142\u00f3wna","item":"https:\/\/pharmabest.pl\/sklep\/"},{"@type":"ListItem","position":2,"name":"Sklep","item":"https:\/\/pharmabest.pl\/sklep\/sklep\/"},{"@type":"ListItem","position":3,"name":"Vivomixx\u00ae Mikrokapsu\u0142ki"}]},{"@type":"WebSite","@id":"https:\/\/pharmabest.pl\/sklep\/#website","url":"https:\/\/pharmabest.pl\/sklep\/","name":"Sklep Pharmabest Sp. z o.o.","description":"Przedmiotem dzia\u0142alno\u015bci sp\u00f3\u0142ki jest dystrybucja wysokiej jako\u015bci produkt\u00f3w \u017cywno\u015bciowych oraz wyrob\u00f3w medycznych. Poszukujemy, rozwijamy i wdra\u017camy nowe marki dla polskich pacjent\u00f3w, kt\u00f3re nie by\u0142y dot\u0105d dost\u0119pne.","publisher":{"@id":"https:\/\/pharmabest.pl\/sklep\/#organization"},"potentialAction":[{"@type":"SearchAction","target":{"@type":"EntryPoint","urlTemplate":"https:\/\/pharmabest.pl\/sklep\/?s={search_term_string}"},"query-input":{"@type":"PropertyValueSpecification","valueRequired":true,"valueName":"search_term_string"}}],"inLanguage":"pl-PL"},{"@type":"Organization","@id":"https:\/\/pharmabest.pl\/sklep\/#organization","name":"Pharmabest Sp. z o.o.","url":"https:\/\/pharmabest.pl\/sklep\/","logo":{"@type":"ImageObject","inLanguage":"pl-PL","@id":"https:\/\/pharmabest.pl\/sklep\/#\/schema\/logo\/image\/","url":"https:\/\/pharmabest.pl\/sklep\/wp-content\/uploads\/2018\/10\/logo-ma\u0142e.png","contentUrl":"https:\/\/pharmabest.pl\/sklep\/wp-content\/uploads\/2018\/10\/logo-ma\u0142e.png","width":340,"height":48,"caption":"Pharmabest Sp. z o.o."},"image":{"@id":"https:\/\/pharmabest.pl\/sklep\/#\/schema\/logo\/image\/"},"sameAs":["https:\/\/www.facebook.com\/pharmabest.polska\/"]}]}},"_links":{"self":[{"href":"https:\/\/pharmabest.pl\/sklep\/wp-json\/wp\/v2\/product\/5962","targetHints":{"allow":["GET"]}}],"collection":[{"href":"https:\/\/pharmabest.pl\/sklep\/wp-json\/wp\/v2\/product"}],"about":[{"href":"https:\/\/pharmabest.pl\/sklep\/wp-json\/wp\/v2\/types\/product"}],"replies":[{"embeddable":true,"href":"https:\/\/pharmabest.pl\/sklep\/wp-json\/wp\/v2\/comments?post=5962"}],"wp:featuredmedia":[{"embeddable":true,"href":"https:\/\/pharmabest.pl\/sklep\/wp-json\/wp\/v2\/media\/12203"}],"wp:attachment":[{"href":"https:\/\/pharmabest.pl\/sklep\/wp-json\/wp\/v2\/media?parent=5962"}],"wp:term":[{"taxonomy":"product_brand","embeddable":true,"href":"https:\/\/pharmabest.pl\/sklep\/wp-json\/wp\/v2\/product_brand?post=5962"},{"taxonomy":"product_cat","embeddable":true,"href":"https:\/\/pharmabest.pl\/sklep\/wp-json\/wp\/v2\/product_cat?post=5962"},{"taxonomy":"product_tag","embeddable":true,"href":"https:\/\/pharmabest.pl\/sklep\/wp-json\/wp\/v2\/product_tag?post=5962"}],"curies":[{"name":"wp","href":"https:\/\/api.w.org\/{rel}","templated":true}]}}