{"id":5958,"date":"2018-10-11T11:36:14","date_gmt":"2018-10-11T09:36:14","guid":{"rendered":"http:\/\/www.ameti2.hekko24.pl\/?post_type=product&#038;p=5958"},"modified":"2025-07-15T14:57:54","modified_gmt":"2025-07-15T12:57:54","slug":"vivomixx-krople-1x5","status":"publish","type":"product","link":"https:\/\/pharmabest.pl\/sklep\/produkt\/vivomixx-krople-1x5\/","title":{"rendered":"Vivomixx&reg; Krople 1&#215;5"},"content":{"rendered":"<div class=\"wpb-content-wrapper\"><section id=\"easyCookie\" class=\"ec-fixed  ec-icon   ec-double-btn\" data-expiresdays=\"180\">\n\t\t<div>\n\t\t\t<div class=\"ec-infos\">\n\t\t\t\t<br>\r\nProsimy o przeczytanie tej informacji zanim klikniesz \u201eAkceptuj\u0119\u201d lub zamkniesz to okno. Pragniemy poinformowa\u0107 Ci\u0119, \u017ce Zgodnie z art. 13 ust. 1\u22122 rozporz\u0105dzenia Parlamentu Europejskiego i Rady (UE) 2016\/679 z 27.04.2016 (tzw. RODO), zapewniamy bezpiecze\u0144stwo danym, kt\u00f3re s\u0105 przetwarzane w ramach dzia\u0142ania naszej strony. Prosimy Ci\u0119 o zapoznanie si\u0119 z Polityk\u0105 Prywatno\u015bci naszej firmy. Klikaj\u0105c \u201eAkceptuj\u0119\u201d lub zamykaj\u0105c okno, zgadzasz si\u0119 na warunki przetwarzania swoich danych osobowych wyra\u017cone w <a href=\"\/polityka-prywatnosci\" style=\"color: #04afee;\"><b>Polityce Prywatno\u015bci<\/b><\/a>.\r\n<br><br>\n\t\t\t<\/div>\n\t\t\t<div class=\"ec-btns\">\n\t\t\t\t<a href=\"#\" class=\"ec-accept\">Akceptuj\u0119<\/a>\n\t\t\t\t<a href=\"http:\/\/pharmabest.pl\/sklep\/polityka-prywatnosci\" class=\"ec-empty\">Wi\u0119cej<\/a>\n\t\t\t<\/div>\n\t\t<\/div>\n\t<\/section><p>[vc_row][vc_column][vc_column_text]<span style=\"font-size: 22px; line-height: 32px;\"><strong>Vivomixx<sup>\u00ae<\/sup> krople 1&#215;5<\/strong><\/span><br \/>\n<strong>Suplement diety w postaci proszku do sporz\u0105dzenia zawiesiny doustnej do stosowania w kroplach<\/strong><\/p>\n<p><strong>Wk\u0142ad termiczny<\/strong> Ten produkt wysy\u0142amy w przesy\u0142ce zawieraj\u0105cej wk\u0142ad termiczny. Gwarantuje on zachowanie w\u0142a\u015bciwo\u015bci produktu podczas transportu. Koszt opakowania oraz wk\u0142adu termicznego wynosi 13,00 z\u0142 brutto i zostanie doliczony przy realizacji zam\u00f3wienia.<\/p>\n<p>&nbsp;<\/p>\n<p><b>Informacje og\u00f3lne:<\/b>\u00a0proszek umieszczony w nakr\u0119tce zawiera liofilizat \u017cywych kultur bakterii probiotycznych \u2013\u00a0<b>De Simone Formulation<\/b>. Proszek uwolniony do buteleczki z olejem tworzy zawiesin\u0119, gotow\u0105 do u\u017cycia. Przeznaczony do suplementacji diety noworodk\u00f3w, niemowl\u0105t i ma\u0142ych dzieci, w okresie niedostatecznej kolonizacji bakteryjnej przewodu pokarmowego. 10 kropli zawiera 5 miliard\u00f3w jednostek tworz\u0105cych kolonie (jtk.).<\/p>\n<p>Buteleczka 5 ml z nakr\u0119tk\u0105 z proszkiem 500 mg wyst\u0119puje w dw\u00f3ch wariantach:<br \/>\n2x5ml<br \/>\noraz<br \/>\n1x5ml.<\/p>\n<p>&nbsp;<\/p>\n<p><strong>Zalecana dzienna porcja do spo\u017cycia:<\/strong> Niemowl\u0119ta i dzieci: 10-20 kropli.<\/p>\n<p><strong>Sk\u0142adniki<\/strong>: Tr\u00f3jglicerydy kr\u00f3tko- i \u015brednio\u0142a\u0144cuchowych kwas\u00f3w t\u0142uszczowych (olej palmowy &#8211; MCT), maltoza, liofilizowane \u017cywe kultury bakterii (wytworzone z udzia\u0142em pochodnych <strong>mleka<\/strong>): <em>Streptococcus thermophilus<\/em>\u00a0DSM24731<sup>\u00ae<\/sup>\u00a0\/ NCIMB 30438,\u00a0<em>Bifidobacterium breve<\/em>\u00a0DSM24732<sup>\u00ae<\/sup>\u00a0\/ NCIMB 30441,\u00a0<em>Bifidobacterium longum<\/em>\u00a0DSM24736<sup>\u00ae<\/sup>\u00a0\/ NCIMB 30435*,\u00a0<em>Bifidobacterium infantis<\/em>\u00a0DSM24737<sup>\u00ae<\/sup>\u00a0\/ NCIMB 30436*,\u00a0<em>Lactobacillus acidophilus<\/em>\u00a0DSM24735<sup>\u00ae<\/sup>\u00a0\/ NCIMB 30442,\u00a0<em>Lactobacillus plantarum<\/em>\u00a0DSM24730<sup>\u00ae<\/sup>\u00a0\/ NCIMB 30437,\u00a0<em>Lactobacillus paracasei<\/em>\u00a0DSM24733<sup>\u00ae<\/sup>\u00a0\/ NCIMB 30439,\u00a0<em>Lactobacillus delbrueckii subsp. bulgaricus<\/em>\u00a0DSM24734<sup>\u00ae<\/sup>\u00a0\/ NCIMB 30440**<sup>\u00ae<\/sup><\/p>\n<div><\/div>\n<div class=\"vc_empty_space\">*przeklasyfikowano jako B. lactis;<br \/>\n** przeklasyfikowano jako L. helveticus;<\/div>\n<p>&nbsp;<\/p>\n<table>\n<tbody>\n<tr>\n<td width=\"186\"><strong>Sk\u0142adniki aktywne<\/strong><\/td>\n<td width=\"130\"><strong>w 10 kroplach<\/strong><\/td>\n<td width=\"130\"><strong>w 20 kroplach<\/strong><\/td>\n<\/tr>\n<tr>\n<td width=\"186\"><strong>Liofilizowane \u017cywe kultury bakterii<\/strong><\/td>\n<td width=\"130\"><strong>5 x 10<sup>9<\/sup> jtk.<\/strong><\/td>\n<td width=\"130\"><strong>10 x 10<sup>9<\/sup> jtk.<\/strong><\/td>\n<\/tr>\n<\/tbody>\n<\/table>\n<p>&nbsp;<\/p>\n<p><b>Spos\u00f3b przygotowania i spos\u00f3b u\u017cycia:<\/b>\u00a0aby przygotowa\u0107 zawiesin\u0119 przed pierwszym u\u017cyciem nale\u017cy na\u0142o\u017cy\u0107 pier\u015bie\u0144 otwieraj\u0105cy na nakr\u0119tk\u0119(1); przekr\u0119ci\u0107 j\u0105 do oporu zgodnie z ruchem wskaz\u00f3wek zegara (2); postuka\u0107 w nakr\u0119tk\u0119, by ca\u0142y proszek trafi\u0142 do oleju (3); odkr\u0119ci\u0107 nakr\u0119tk\u0119 i sprawdzi\u0107 czy proszek w ca\u0142o\u015bci trafi\u0142 do buteleczki (4); zast\u0105pi\u0107 nakr\u0119tk\u0119 kroplomierzem do\u0142\u0105czonym do opakowania, wstrz\u0105sn\u0105\u0107 kilkukrotnie do uzyskania jednolitej zawiesiny (5). Krople mo\u017cna podawa\u0107 bezpo\u015brednio do jamy ustnej lub po rozpuszczeniu w letnim p\u0142ynie. Przed ka\u017cdym u\u017cyciem produkt nale\u017cy wstrz\u0105sn\u0105\u0107 kilkukrotnie i odmierzy\u0107 zalecan\u0105 ilo\u015b\u0107 kropli. Po zastosowaniu nale\u017cy dok\u0142adnie wytrze\u0107 i osuszy\u0107 kroplomierz, nast\u0119pnie zabezpieczy\u0107 go przy u\u017cyciu za\u0142\u0105czonego korka.<\/p>\n<p>&nbsp;<\/p>\n<p><strong>Przechowywanie:<\/strong> Przechowywa\u0107 w lod\u00f3wce w temperaturze 2-8<sup>o<\/sup>C, najlepiej w oryginalnym opakowaniu, w miejscu niedost\u0119pnym i niewidocznym dla dzieci oraz z dala od \u015bwiat\u0142a. Produkt zawiera wra\u017cliwe na ciep\u0142o bakterie. Nie nale\u017cy nara\u017ca\u0107 produktu na bezpo\u015brednie dzia\u0142anie \u017ar\u00f3de\u0142 ciep\u0142a. Zu\u017cy\u0107 w ci\u0105gu 3 tygodni po otwarciu. Po zako\u0144czeniu stosowania produktu, nale\u017cy pozby\u0107 si\u0119 pozosta\u0142o\u015bci. Je\u017celi zachodzi taka konieczno\u015b\u0107, <strong>dopuszcza si\u0119 przechowywanie produktu w temperaturze poni\u017cej 25\u00b0C przez maksymalnie 7 dni bez negatywnego wp\u0142ywu na zawarto\u015b\u0107<\/strong>.<\/p>\n<p>&nbsp;<\/p>\n<p><b>Wa\u017cna informacja:<\/b>\u00a0suplement diety powinien by\u0107 przechowywany w spos\u00f3b niedost\u0119pny dla ma\u0142ych dzieci. Suplement diety nie mo\u017ce by\u0107 stosowany jako zamiennik zr\u00f3\u017cnicowanej diety. Nie przekracza\u0107 zalecanej porcji do spo\u017cycia w ci\u0105gu dnia.\u00a0<b>Produkt bezglutenowy, bez laktozy.<\/b><\/p>\n<p>Wyprodukowano w UE.<\/p>\n<div class=\"fixed-product-video\"><iframe loading=\"lazy\" src=\"https:\/\/www.youtube.com\/embed\/IQ4TyickQIA\" width=\"260\" height=\"145\" frameborder=\"0\" allowfullscreen=\"allowfullscreen\"><\/iframe><\/div>\n<p>[\/vc_column_text][vc_row_inner][vc_column_inner width=&#8221;2\/3&#8243;][vc_video link=&#8221;https:\/\/www.youtube.com\/watch?v=9hPBn8-ND_Q&amp;t=6s&#8221;][\/vc_column_inner][vc_column_inner width=&#8221;1\/3&#8243;][\/vc_column_inner][\/vc_row_inner][\/vc_column][\/vc_row]<\/p>\n<\/div>","protected":false},"excerpt":{"rendered":"<p><strong>WK\u0141AD TERMICZNY<\/strong><\/p>\n<p>Ten produkt wysy\u0142amy w przesy\u0142ce zawieraj\u0105cej wk\u0142ad termiczny. Gwarantuje on zachowanie w\u0142a\u015bciwo\u015bci produktu podczas transportu. Koszt opakowania oraz wk\u0142adu termicznego wynosi 13,00 z\u0142 brutto i zostanie doliczony przy realizacji zam\u00f3wienia.<\/p>\n<p><strong>Suplement diety w postaci proszku do sporz\u0105dzenia zawiesiny doustnej do stosowania w kroplach.<\/strong><\/p>\n<p><span style=\"color: #ff0000;\">BRAK W MAGAZYNIE<\/span><\/p>\n","protected":false},"featured_media":6926,"comment_status":"open","ping_status":"closed","template":"","meta":{"_exactmetrics_skip_tracking":false,"_exactmetrics_sitenote_active":false,"_exactmetrics_sitenote_note":"","_exactmetrics_sitenote_category":0},"product_brand":[],"product_cat":[139,154],"product_tag":[134,142,141],"class_list":{"0":"post-5958","1":"product","2":"type-product","3":"status-publish","4":"has-post-thumbnail","6":"product_cat-vivomixx","7":"product_cat-vivomixx-krople","8":"product_tag-krople","9":"product_tag-probiotyki","10":"product_tag-vivomixx","11":"product_shipping_class-wklad-termiczny","13":"first","14":"instock","15":"shipping-taxable","16":"product-type-external"},"yoast_head":"<!-- This site is optimized with the Yoast SEO plugin v27.0 - https:\/\/yoast.com\/product\/yoast-seo-wordpress\/ -->\n<title>Vivomixx&reg; Krople 1x5 - Sklep Pharmabest Sp. z o.o.<\/title>\n<meta name=\"description\" content=\"Vivomixx krople 1 buteleczka - Suplement diety w postaci proszku do sporz\u0105dzenia zawiesiny doustnej do stosowania w kroplach.\" \/>\n<meta name=\"robots\" content=\"index, follow, max-snippet:-1, max-image-preview:large, max-video-preview:-1\" \/>\n<link rel=\"canonical\" href=\"https:\/\/pharmabest.pl\/sklep\/produkt\/vivomixx-krople-1x5\/\" \/>\n<meta property=\"og:locale\" content=\"pl_PL\" \/>\n<meta property=\"og:type\" content=\"article\" \/>\n<meta property=\"og:title\" content=\"Vivomixx&reg; Krople 1x5 - Sklep Pharmabest Sp. z o.o.\" \/>\n<meta property=\"og:description\" content=\"Vivomixx krople 1 buteleczka - Suplement diety w postaci proszku do sporz\u0105dzenia zawiesiny doustnej do stosowania w kroplach.\" \/>\n<meta property=\"og:url\" content=\"https:\/\/pharmabest.pl\/sklep\/produkt\/vivomixx-krople-1x5\/\" \/>\n<meta property=\"og:site_name\" content=\"Sklep Pharmabest Sp. z o.o.\" \/>\n<meta property=\"article:publisher\" content=\"https:\/\/www.facebook.com\/pharmabest.polska\/\" \/>\n<meta property=\"article:modified_time\" content=\"2025-07-15T12:57:54+00:00\" \/>\n<meta property=\"og:image\" content=\"https:\/\/pharmabest.pl\/sklep\/wp-content\/uploads\/2017\/10\/VIVOMIXX_5_krople_01_2020.png\" \/>\n\t<meta property=\"og:image:width\" content=\"1000\" \/>\n\t<meta property=\"og:image:height\" content=\"1000\" \/>\n\t<meta property=\"og:image:type\" content=\"image\/png\" \/>\n<meta name=\"twitter:card\" content=\"summary_large_image\" \/>\n<meta name=\"twitter:label1\" content=\"Szacowany czas czytania\" \/>\n\t<meta name=\"twitter:data1\" content=\"3 minuty\" \/>\n<script type=\"application\/ld+json\" class=\"yoast-schema-graph\">{\"@context\":\"https:\/\/schema.org\",\"@graph\":[{\"@type\":\"WebPage\",\"@id\":\"https:\/\/pharmabest.pl\/sklep\/produkt\/vivomixx-krople-1x5\/\",\"url\":\"https:\/\/pharmabest.pl\/sklep\/produkt\/vivomixx-krople-1x5\/\",\"name\":\"Vivomixx&reg; Krople 1x5 - Sklep Pharmabest Sp. z o.o.\",\"isPartOf\":{\"@id\":\"https:\/\/pharmabest.pl\/sklep\/#website\"},\"primaryImageOfPage\":{\"@id\":\"https:\/\/pharmabest.pl\/sklep\/produkt\/vivomixx-krople-1x5\/#primaryimage\"},\"image\":{\"@id\":\"https:\/\/pharmabest.pl\/sklep\/produkt\/vivomixx-krople-1x5\/#primaryimage\"},\"thumbnailUrl\":\"https:\/\/pharmabest.pl\/sklep\/wp-content\/uploads\/2017\/10\/VIVOMIXX_5_krople_01_2020.png\",\"datePublished\":\"2018-10-11T09:36:14+00:00\",\"dateModified\":\"2025-07-15T12:57:54+00:00\",\"description\":\"Vivomixx krople 1 buteleczka - Suplement diety w postaci proszku do sporz\u0105dzenia zawiesiny doustnej do stosowania w kroplach.\",\"breadcrumb\":{\"@id\":\"https:\/\/pharmabest.pl\/sklep\/produkt\/vivomixx-krople-1x5\/#breadcrumb\"},\"inLanguage\":\"pl-PL\",\"potentialAction\":[{\"@type\":\"ReadAction\",\"target\":[\"https:\/\/pharmabest.pl\/sklep\/produkt\/vivomixx-krople-1x5\/\"]}]},{\"@type\":\"ImageObject\",\"inLanguage\":\"pl-PL\",\"@id\":\"https:\/\/pharmabest.pl\/sklep\/produkt\/vivomixx-krople-1x5\/#primaryimage\",\"url\":\"https:\/\/pharmabest.pl\/sklep\/wp-content\/uploads\/2017\/10\/VIVOMIXX_5_krople_01_2020.png\",\"contentUrl\":\"https:\/\/pharmabest.pl\/sklep\/wp-content\/uploads\/2017\/10\/VIVOMIXX_5_krople_01_2020.png\",\"width\":1000,\"height\":1000},{\"@type\":\"BreadcrumbList\",\"@id\":\"https:\/\/pharmabest.pl\/sklep\/produkt\/vivomixx-krople-1x5\/#breadcrumb\",\"itemListElement\":[{\"@type\":\"ListItem\",\"position\":1,\"name\":\"Strona g\u0142\u00f3wna\",\"item\":\"https:\/\/pharmabest.pl\/sklep\/\"},{\"@type\":\"ListItem\",\"position\":2,\"name\":\"Sklep\",\"item\":\"https:\/\/pharmabest.pl\/sklep\/sklep\/\"},{\"@type\":\"ListItem\",\"position\":3,\"name\":\"Vivomixx&reg; Krople 1&#215;5\"}]},{\"@type\":\"WebSite\",\"@id\":\"https:\/\/pharmabest.pl\/sklep\/#website\",\"url\":\"https:\/\/pharmabest.pl\/sklep\/\",\"name\":\"Sklep Pharmabest Sp. z o.o.\",\"description\":\"Przedmiotem dzia\u0142alno\u015bci sp\u00f3\u0142ki jest dystrybucja wysokiej jako\u015bci produkt\u00f3w \u017cywno\u015bciowych oraz wyrob\u00f3w medycznych. Poszukujemy, rozwijamy i wdra\u017camy nowe marki dla polskich pacjent\u00f3w, kt\u00f3re nie by\u0142y dot\u0105d dost\u0119pne.\",\"publisher\":{\"@id\":\"https:\/\/pharmabest.pl\/sklep\/#organization\"},\"potentialAction\":[{\"@type\":\"SearchAction\",\"target\":{\"@type\":\"EntryPoint\",\"urlTemplate\":\"https:\/\/pharmabest.pl\/sklep\/?s={search_term_string}\"},\"query-input\":{\"@type\":\"PropertyValueSpecification\",\"valueRequired\":true,\"valueName\":\"search_term_string\"}}],\"inLanguage\":\"pl-PL\"},{\"@type\":\"Organization\",\"@id\":\"https:\/\/pharmabest.pl\/sklep\/#organization\",\"name\":\"Pharmabest Sp. z o.o.\",\"url\":\"https:\/\/pharmabest.pl\/sklep\/\",\"logo\":{\"@type\":\"ImageObject\",\"inLanguage\":\"pl-PL\",\"@id\":\"https:\/\/pharmabest.pl\/sklep\/#\/schema\/logo\/image\/\",\"url\":\"https:\/\/pharmabest.pl\/sklep\/wp-content\/uploads\/2018\/10\/logo-ma\u0142e.png\",\"contentUrl\":\"https:\/\/pharmabest.pl\/sklep\/wp-content\/uploads\/2018\/10\/logo-ma\u0142e.png\",\"width\":340,\"height\":48,\"caption\":\"Pharmabest Sp. z o.o.\"},\"image\":{\"@id\":\"https:\/\/pharmabest.pl\/sklep\/#\/schema\/logo\/image\/\"},\"sameAs\":[\"https:\/\/www.facebook.com\/pharmabest.polska\/\"]}]}<\/script>\n<!-- \/ Yoast SEO plugin. -->","yoast_head_json":{"title":"Vivomixx&reg; Krople 1x5 - Sklep Pharmabest Sp. z o.o.","description":"Vivomixx krople 1 buteleczka - Suplement diety w postaci proszku do sporz\u0105dzenia zawiesiny doustnej do stosowania w kroplach.","robots":{"index":"index","follow":"follow","max-snippet":"max-snippet:-1","max-image-preview":"max-image-preview:large","max-video-preview":"max-video-preview:-1"},"canonical":"https:\/\/pharmabest.pl\/sklep\/produkt\/vivomixx-krople-1x5\/","og_locale":"pl_PL","og_type":"article","og_title":"Vivomixx&reg; Krople 1x5 - Sklep Pharmabest Sp. z o.o.","og_description":"Vivomixx krople 1 buteleczka - Suplement diety w postaci proszku do sporz\u0105dzenia zawiesiny doustnej do stosowania w kroplach.","og_url":"https:\/\/pharmabest.pl\/sklep\/produkt\/vivomixx-krople-1x5\/","og_site_name":"Sklep Pharmabest Sp. z o.o.","article_publisher":"https:\/\/www.facebook.com\/pharmabest.polska\/","article_modified_time":"2025-07-15T12:57:54+00:00","og_image":[{"width":1000,"height":1000,"url":"https:\/\/pharmabest.pl\/sklep\/wp-content\/uploads\/2017\/10\/VIVOMIXX_5_krople_01_2020.png","type":"image\/png"}],"twitter_card":"summary_large_image","twitter_misc":{"Szacowany czas czytania":"3 minuty"},"schema":{"@context":"https:\/\/schema.org","@graph":[{"@type":"WebPage","@id":"https:\/\/pharmabest.pl\/sklep\/produkt\/vivomixx-krople-1x5\/","url":"https:\/\/pharmabest.pl\/sklep\/produkt\/vivomixx-krople-1x5\/","name":"Vivomixx&reg; Krople 1x5 - Sklep Pharmabest Sp. z o.o.","isPartOf":{"@id":"https:\/\/pharmabest.pl\/sklep\/#website"},"primaryImageOfPage":{"@id":"https:\/\/pharmabest.pl\/sklep\/produkt\/vivomixx-krople-1x5\/#primaryimage"},"image":{"@id":"https:\/\/pharmabest.pl\/sklep\/produkt\/vivomixx-krople-1x5\/#primaryimage"},"thumbnailUrl":"https:\/\/pharmabest.pl\/sklep\/wp-content\/uploads\/2017\/10\/VIVOMIXX_5_krople_01_2020.png","datePublished":"2018-10-11T09:36:14+00:00","dateModified":"2025-07-15T12:57:54+00:00","description":"Vivomixx krople 1 buteleczka - Suplement diety w postaci proszku do sporz\u0105dzenia zawiesiny doustnej do stosowania w kroplach.","breadcrumb":{"@id":"https:\/\/pharmabest.pl\/sklep\/produkt\/vivomixx-krople-1x5\/#breadcrumb"},"inLanguage":"pl-PL","potentialAction":[{"@type":"ReadAction","target":["https:\/\/pharmabest.pl\/sklep\/produkt\/vivomixx-krople-1x5\/"]}]},{"@type":"ImageObject","inLanguage":"pl-PL","@id":"https:\/\/pharmabest.pl\/sklep\/produkt\/vivomixx-krople-1x5\/#primaryimage","url":"https:\/\/pharmabest.pl\/sklep\/wp-content\/uploads\/2017\/10\/VIVOMIXX_5_krople_01_2020.png","contentUrl":"https:\/\/pharmabest.pl\/sklep\/wp-content\/uploads\/2017\/10\/VIVOMIXX_5_krople_01_2020.png","width":1000,"height":1000},{"@type":"BreadcrumbList","@id":"https:\/\/pharmabest.pl\/sklep\/produkt\/vivomixx-krople-1x5\/#breadcrumb","itemListElement":[{"@type":"ListItem","position":1,"name":"Strona g\u0142\u00f3wna","item":"https:\/\/pharmabest.pl\/sklep\/"},{"@type":"ListItem","position":2,"name":"Sklep","item":"https:\/\/pharmabest.pl\/sklep\/sklep\/"},{"@type":"ListItem","position":3,"name":"Vivomixx&reg; Krople 1&#215;5"}]},{"@type":"WebSite","@id":"https:\/\/pharmabest.pl\/sklep\/#website","url":"https:\/\/pharmabest.pl\/sklep\/","name":"Sklep Pharmabest Sp. z o.o.","description":"Przedmiotem dzia\u0142alno\u015bci sp\u00f3\u0142ki jest dystrybucja wysokiej jako\u015bci produkt\u00f3w \u017cywno\u015bciowych oraz wyrob\u00f3w medycznych. Poszukujemy, rozwijamy i wdra\u017camy nowe marki dla polskich pacjent\u00f3w, kt\u00f3re nie by\u0142y dot\u0105d dost\u0119pne.","publisher":{"@id":"https:\/\/pharmabest.pl\/sklep\/#organization"},"potentialAction":[{"@type":"SearchAction","target":{"@type":"EntryPoint","urlTemplate":"https:\/\/pharmabest.pl\/sklep\/?s={search_term_string}"},"query-input":{"@type":"PropertyValueSpecification","valueRequired":true,"valueName":"search_term_string"}}],"inLanguage":"pl-PL"},{"@type":"Organization","@id":"https:\/\/pharmabest.pl\/sklep\/#organization","name":"Pharmabest Sp. z o.o.","url":"https:\/\/pharmabest.pl\/sklep\/","logo":{"@type":"ImageObject","inLanguage":"pl-PL","@id":"https:\/\/pharmabest.pl\/sklep\/#\/schema\/logo\/image\/","url":"https:\/\/pharmabest.pl\/sklep\/wp-content\/uploads\/2018\/10\/logo-ma\u0142e.png","contentUrl":"https:\/\/pharmabest.pl\/sklep\/wp-content\/uploads\/2018\/10\/logo-ma\u0142e.png","width":340,"height":48,"caption":"Pharmabest Sp. z o.o."},"image":{"@id":"https:\/\/pharmabest.pl\/sklep\/#\/schema\/logo\/image\/"},"sameAs":["https:\/\/www.facebook.com\/pharmabest.polska\/"]}]}},"_links":{"self":[{"href":"https:\/\/pharmabest.pl\/sklep\/wp-json\/wp\/v2\/product\/5958","targetHints":{"allow":["GET"]}}],"collection":[{"href":"https:\/\/pharmabest.pl\/sklep\/wp-json\/wp\/v2\/product"}],"about":[{"href":"https:\/\/pharmabest.pl\/sklep\/wp-json\/wp\/v2\/types\/product"}],"replies":[{"embeddable":true,"href":"https:\/\/pharmabest.pl\/sklep\/wp-json\/wp\/v2\/comments?post=5958"}],"wp:featuredmedia":[{"embeddable":true,"href":"https:\/\/pharmabest.pl\/sklep\/wp-json\/wp\/v2\/media\/6926"}],"wp:attachment":[{"href":"https:\/\/pharmabest.pl\/sklep\/wp-json\/wp\/v2\/media?parent=5958"}],"wp:term":[{"taxonomy":"product_brand","embeddable":true,"href":"https:\/\/pharmabest.pl\/sklep\/wp-json\/wp\/v2\/product_brand?post=5958"},{"taxonomy":"product_cat","embeddable":true,"href":"https:\/\/pharmabest.pl\/sklep\/wp-json\/wp\/v2\/product_cat?post=5958"},{"taxonomy":"product_tag","embeddable":true,"href":"https:\/\/pharmabest.pl\/sklep\/wp-json\/wp\/v2\/product_tag?post=5958"}],"curies":[{"name":"wp","href":"https:\/\/api.w.org\/{rel}","templated":true}]}}