{"id":5943,"date":"2017-10-11T10:54:37","date_gmt":"2017-10-11T08:54:37","guid":{"rendered":"http:\/\/www.ameti2.hekko24.pl\/?post_type=product&#038;p=5943"},"modified":"2026-05-14T19:46:28","modified_gmt":"2026-05-14T17:46:28","slug":"laktoferyna-krople","status":"publish","type":"product","link":"https:\/\/pharmabest.pl\/sklep\/produkt\/laktoferyna-krople\/","title":{"rendered":"Laktoferyna Pharmabest Krople"},"content":{"rendered":"<section id=\"easyCookie\" class=\"ec-fixed  ec-icon   ec-double-btn\" data-expiresdays=\"180\">\n\t\t<div>\n\t\t\t<div class=\"ec-infos\">\n\t\t\t\t<br>\r\nProsimy o przeczytanie tej informacji zanim klikniesz \u201eAkceptuj\u0119\u201d lub zamkniesz to okno. Pragniemy poinformowa\u0107 Ci\u0119, \u017ce Zgodnie z art. 13 ust. 1\u22122 rozporz\u0105dzenia Parlamentu Europejskiego i Rady (UE) 2016\/679 z 27.04.2016 (tzw. RODO), zapewniamy bezpiecze\u0144stwo danym, kt\u00f3re s\u0105 przetwarzane w ramach dzia\u0142ania naszej strony. Prosimy Ci\u0119 o zapoznanie si\u0119 z Polityk\u0105 Prywatno\u015bci naszej firmy. Klikaj\u0105c \u201eAkceptuj\u0119\u201d lub zamykaj\u0105c okno, zgadzasz si\u0119 na warunki przetwarzania swoich danych osobowych wyra\u017cone w <a href=\"\/polityka-prywatnosci\" style=\"color: #04afee;\"><b>Polityce Prywatno\u015bci<\/b><\/a>.\r\n<br><br>\n\t\t\t<\/div>\n\t\t\t<div class=\"ec-btns\">\n\t\t\t\t<a href=\"#\" class=\"ec-accept\">Akceptuj\u0119<\/a>\n\t\t\t\t<a href=\"http:\/\/pharmabest.pl\/sklep\/polityka-prywatnosci\" class=\"ec-empty\">Wi\u0119cej<\/a>\n\t\t\t<\/div>\n\t\t<\/div>\n\t<\/section><div class=\"wpb_text_column wpb_content_element \">\n<div class=\"wpb_wrapper\">\n<p><strong>Suplement diety w postaci zawiesiny doustnej do stosowania w kroplach<\/strong><\/p>\n<\/div>\n<\/div>\n<div class=\"wpb_text_column wpb_content_element \">\n<div class=\"wpb_wrapper\">\n<p>Zawiera\u00a0<strong>100 mg mikronizowanej laktoferyny<\/strong> z mleka krowiego w 12 kroplach. Do stosowania od pierwszych dni \u017cycia noworodk\u00f3w (r\u00f3wnie\u017c urodzonych przedwcze\u015bnie), niemowl\u0105t i ma\u0142ych dzieci.<\/p>\n<\/div>\n<\/div>\n<div class=\"wpb_text_column wpb_content_element \">\n<div class=\"wpb_wrapper\">\n<p>7 ml<\/p>\n<\/div>\n<\/div>\n<div class=\"wpb_text_column wpb_content_element \">\n<div class=\"wpb_wrapper\">\n<p><strong>Zalecana porcja do spo\u017cycia w ci\u0105gu dnia:<\/strong>\u00a0niemowl\u0119ta i dzieci do 3 r.\u017c.: 12 kropli zawiesiny. Starsze dzieci powy\u017cej 3. roku \u017cycia: 24 krople zawiesiny.<\/p>\n<p><strong>Rekomendowany okres suplementacji: 3 miesi\u0105ce.<\/strong><\/p>\n<\/div>\n<\/div>\n<div class=\"wpb_text_column wpb_content_element \">\n<div class=\"wpb_wrapper\">\n<p>&nbsp;<\/p>\n<p><strong>Sk\u0142adniki:<\/strong>\u00a0\u015brednio\u0142a\u0144cuchowe kwasy t\u0142uszczowe (olej MCT), laktoferyna z\u00a0<strong>mleka<\/strong>\u00a0krowiego.<\/p>\n<table width=\"100%\">\n<tbody>\n<tr>\n<td width=\"33.3%\"><strong>Sk\u0142adnik aktywny<\/strong><\/td>\n<td width=\"33.3%\">\u00a0\u00a0<strong>w 12 kroplach<\/strong><\/td>\n<td width=\"33.3%\"><strong>w 24 kroplach<\/strong><\/td>\n<\/tr>\n<tr>\n<td width=\"33.3%\"><strong>Laktoferyna<\/strong><\/td>\n<td width=\"33.3%\"><strong>100 mg<\/strong><\/td>\n<td width=\"33.3%\"><strong>200 \u00a0mg<\/strong><\/td>\n<\/tr>\n<\/tbody>\n<\/table>\n<\/div>\n<\/div>\n<div class=\"vc_empty_space\"><\/div>\n<div class=\"wpb_text_column wpb_content_element \">\n<div class=\"wpb_wrapper\">\n<p><strong>Spos\u00f3b przygotowania i u\u017cycia:<\/strong> przed ka\u017cdym u\u017cyciem nale\u017cy dok\u0142adnie wymiesza\u0107 zawarto\u015b\u0107, wstrz\u0105saj\u0105c energicznie butelk\u0105 przez ok. 30 sekund w celu uzyskania jednorodnej zawiesiny. Odmierzy\u0107 zalecan\u0105 liczb\u0119 kropli za pomoc\u0105 kroplomierza. Zawiesina pozostaje jednorodna i gotowa do zastosowania przez kilka minut. Je\u015bli w tym czasie krople nie zostan\u0105 podane, nale\u017cy je ponownie wymiesza\u0107. Po odmierzeniu zalecanej porcji krople mo\u017cna spo\u017cy\u0107 bezpo\u015brednio lub po rozpuszczeniu w letniej wodzie lub innym letnim p\u0142ynie. Nie \u0142\u0105czy\u0107 z gor\u0105cymi lub gazowanymi p\u0142ynami. Po zastosowaniu produktu opakowanie nale\u017cy szczelnie zamkn\u0105\u0107.<\/p>\n<\/div>\n<\/div>\n<div class=\"wpb_text_column wpb_content_element \">\n<div class=\"wpb_wrapper\">\n<p>&nbsp;<\/p>\n<p><b>Przechowywa\u0107 w temperaturze poni\u017cej 25 \u030aC<\/b>, w zamkni\u0119tym opakowaniu, w suchym miejscu. Chroni\u0107 przed \u015bwiat\u0142em.<\/p>\n<\/div>\n<\/div>\n<div class=\"wpb_text_column wpb_content_element \">\n<div class=\"wpb_wrapper\">\n<p>&nbsp;<\/p>\n<p><strong>Wa\u017cne informacje:<\/strong> suplementy diety powinny by\u0107 przechowywane w spos\u00f3b niedost\u0119pny dla ma\u0142ych dzieci. Suplementy diety nie mog\u0105 by\u0107 stosowane jako zamiennik zr\u00f3\u017cnicowanej diety. Nie przekracza\u0107 porcji zalecanej do spo\u017cycia w ci\u0105gu dnia.\u00a0<strong>Produkt bezglutenowy.<\/strong><\/p>\n<\/div>\n<\/div>\n","protected":false},"excerpt":{"rendered":"<p><strong>Suplement diety w postaci zawiesiny doustnej do stosowania w kroplach.<\/strong><\/p>\n","protected":false},"featured_media":12009,"comment_status":"open","ping_status":"closed","template":"","meta":{"_exactmetrics_skip_tracking":false,"_exactmetrics_sitenote_active":false,"_exactmetrics_sitenote_note":"","_exactmetrics_sitenote_category":0},"product_brand":[],"product_cat":[128],"product_tag":[131],"class_list":{"0":"post-5943","1":"product","2":"type-product","3":"status-publish","4":"has-post-thumbnail","6":"product_cat-laktoferyna","7":"product_tag-laktoferyna","9":"first","10":"instock","11":"shipping-taxable","12":"purchasable","13":"product-type-simple"},"yoast_head":"<!-- This site is optimized with the Yoast SEO plugin v27.4 - https:\/\/yoast.com\/product\/yoast-seo-wordpress\/ -->\n<title>Laktoferyna krople - Sklep Pharmabest Sp. z o.o.<\/title>\n<meta name=\"description\" content=\"Laktoferyna to suplement diety w postaci zawiesiny doustnej do stosowania w kroplach. Produkt zawiera mikronizowan\u0105 laktoferyn\u0119 z mleka krowiego (bLF).\" \/>\n<meta name=\"robots\" content=\"index, follow, max-snippet:-1, max-image-preview:large, max-video-preview:-1\" \/>\n<link rel=\"canonical\" href=\"https:\/\/pharmabest.pl\/sklep\/produkt\/laktoferyna-krople\/\" \/>\n<meta property=\"og:locale\" content=\"pl_PL\" \/>\n<meta property=\"og:type\" content=\"article\" \/>\n<meta property=\"og:title\" content=\"Laktoferyna krople - Sklep Pharmabest Sp. z o.o.\" \/>\n<meta property=\"og:description\" content=\"Laktoferyna to suplement diety w postaci zawiesiny doustnej do stosowania w kroplach. Produkt zawiera mikronizowan\u0105 laktoferyn\u0119 z mleka krowiego (bLF).\" \/>\n<meta property=\"og:url\" content=\"https:\/\/pharmabest.pl\/sklep\/produkt\/laktoferyna-krople\/\" \/>\n<meta property=\"og:site_name\" content=\"Sklep Pharmabest Sp. z o.o.\" \/>\n<meta property=\"article:publisher\" content=\"https:\/\/www.facebook.com\/pharmabest.polska\/\" \/>\n<meta property=\"article:modified_time\" content=\"2026-05-14T17:46:28+00:00\" \/>\n<meta property=\"og:image\" content=\"https:\/\/pharmabest.pl\/sklep\/wp-content\/uploads\/2017\/10\/Laktoferyna_krople.jpg\" \/>\n\t<meta property=\"og:image:width\" content=\"1000\" \/>\n\t<meta property=\"og:image:height\" content=\"1000\" \/>\n\t<meta property=\"og:image:type\" content=\"image\/jpeg\" \/>\n<meta name=\"twitter:card\" content=\"summary_large_image\" \/>\n<meta name=\"twitter:label1\" content=\"Szacowany czas czytania\" \/>\n\t<meta name=\"twitter:data1\" content=\"2 minuty\" \/>\n<script type=\"application\/ld+json\" class=\"yoast-schema-graph\">{\"@context\":\"https:\\\/\\\/schema.org\",\"@graph\":[{\"@type\":\"WebPage\",\"@id\":\"https:\\\/\\\/pharmabest.pl\\\/sklep\\\/produkt\\\/laktoferyna-krople\\\/\",\"url\":\"https:\\\/\\\/pharmabest.pl\\\/sklep\\\/produkt\\\/laktoferyna-krople\\\/\",\"name\":\"Laktoferyna krople - Sklep Pharmabest Sp. z o.o.\",\"isPartOf\":{\"@id\":\"https:\\\/\\\/pharmabest.pl\\\/sklep\\\/#website\"},\"primaryImageOfPage\":{\"@id\":\"https:\\\/\\\/pharmabest.pl\\\/sklep\\\/produkt\\\/laktoferyna-krople\\\/#primaryimage\"},\"image\":{\"@id\":\"https:\\\/\\\/pharmabest.pl\\\/sklep\\\/produkt\\\/laktoferyna-krople\\\/#primaryimage\"},\"thumbnailUrl\":\"https:\\\/\\\/pharmabest.pl\\\/sklep\\\/wp-content\\\/uploads\\\/2017\\\/10\\\/Laktoferyna_krople.jpg\",\"datePublished\":\"2017-10-11T08:54:37+00:00\",\"dateModified\":\"2026-05-14T17:46:28+00:00\",\"description\":\"Laktoferyna to suplement diety w postaci zawiesiny doustnej do stosowania w kroplach. Produkt zawiera mikronizowan\u0105 laktoferyn\u0119 z mleka krowiego (bLF).\",\"breadcrumb\":{\"@id\":\"https:\\\/\\\/pharmabest.pl\\\/sklep\\\/produkt\\\/laktoferyna-krople\\\/#breadcrumb\"},\"inLanguage\":\"pl-PL\",\"potentialAction\":[{\"@type\":\"ReadAction\",\"target\":[\"https:\\\/\\\/pharmabest.pl\\\/sklep\\\/produkt\\\/laktoferyna-krople\\\/\"]}]},{\"@type\":\"ImageObject\",\"inLanguage\":\"pl-PL\",\"@id\":\"https:\\\/\\\/pharmabest.pl\\\/sklep\\\/produkt\\\/laktoferyna-krople\\\/#primaryimage\",\"url\":\"https:\\\/\\\/pharmabest.pl\\\/sklep\\\/wp-content\\\/uploads\\\/2017\\\/10\\\/Laktoferyna_krople.jpg\",\"contentUrl\":\"https:\\\/\\\/pharmabest.pl\\\/sklep\\\/wp-content\\\/uploads\\\/2017\\\/10\\\/Laktoferyna_krople.jpg\",\"width\":1000,\"height\":1000},{\"@type\":\"BreadcrumbList\",\"@id\":\"https:\\\/\\\/pharmabest.pl\\\/sklep\\\/produkt\\\/laktoferyna-krople\\\/#breadcrumb\",\"itemListElement\":[{\"@type\":\"ListItem\",\"position\":1,\"name\":\"Strona g\u0142\u00f3wna\",\"item\":\"https:\\\/\\\/pharmabest.pl\\\/sklep\\\/\"},{\"@type\":\"ListItem\",\"position\":2,\"name\":\"Sklep\",\"item\":\"https:\\\/\\\/pharmabest.pl\\\/sklep\\\/sklep\\\/\"},{\"@type\":\"ListItem\",\"position\":3,\"name\":\"Laktoferyna Pharmabest Krople\"}]},{\"@type\":\"WebSite\",\"@id\":\"https:\\\/\\\/pharmabest.pl\\\/sklep\\\/#website\",\"url\":\"https:\\\/\\\/pharmabest.pl\\\/sklep\\\/\",\"name\":\"Sklep Pharmabest Sp. z o.o.\",\"description\":\"Przedmiotem dzia\u0142alno\u015bci sp\u00f3\u0142ki jest dystrybucja wysokiej jako\u015bci produkt\u00f3w \u017cywno\u015bciowych oraz wyrob\u00f3w medycznych. Poszukujemy, rozwijamy i wdra\u017camy nowe marki dla polskich pacjent\u00f3w, kt\u00f3re nie by\u0142y dot\u0105d dost\u0119pne.\",\"publisher\":{\"@id\":\"https:\\\/\\\/pharmabest.pl\\\/sklep\\\/#organization\"},\"potentialAction\":[{\"@type\":\"SearchAction\",\"target\":{\"@type\":\"EntryPoint\",\"urlTemplate\":\"https:\\\/\\\/pharmabest.pl\\\/sklep\\\/?s={search_term_string}\"},\"query-input\":{\"@type\":\"PropertyValueSpecification\",\"valueRequired\":true,\"valueName\":\"search_term_string\"}}],\"inLanguage\":\"pl-PL\"},{\"@type\":\"Organization\",\"@id\":\"https:\\\/\\\/pharmabest.pl\\\/sklep\\\/#organization\",\"name\":\"Pharmabest Sp. z o.o.\",\"url\":\"https:\\\/\\\/pharmabest.pl\\\/sklep\\\/\",\"logo\":{\"@type\":\"ImageObject\",\"inLanguage\":\"pl-PL\",\"@id\":\"https:\\\/\\\/pharmabest.pl\\\/sklep\\\/#\\\/schema\\\/logo\\\/image\\\/\",\"url\":\"https:\\\/\\\/pharmabest.pl\\\/sklep\\\/wp-content\\\/uploads\\\/2018\\\/10\\\/logo-ma\u0142e.png\",\"contentUrl\":\"https:\\\/\\\/pharmabest.pl\\\/sklep\\\/wp-content\\\/uploads\\\/2018\\\/10\\\/logo-ma\u0142e.png\",\"width\":340,\"height\":48,\"caption\":\"Pharmabest Sp. z o.o.\"},\"image\":{\"@id\":\"https:\\\/\\\/pharmabest.pl\\\/sklep\\\/#\\\/schema\\\/logo\\\/image\\\/\"},\"sameAs\":[\"https:\\\/\\\/www.facebook.com\\\/pharmabest.polska\\\/\"]}]}<\/script>\n<!-- \/ Yoast SEO plugin. -->","yoast_head_json":{"title":"Laktoferyna krople - Sklep Pharmabest Sp. z o.o.","description":"Laktoferyna to suplement diety w postaci zawiesiny doustnej do stosowania w kroplach. Produkt zawiera mikronizowan\u0105 laktoferyn\u0119 z mleka krowiego (bLF).","robots":{"index":"index","follow":"follow","max-snippet":"max-snippet:-1","max-image-preview":"max-image-preview:large","max-video-preview":"max-video-preview:-1"},"canonical":"https:\/\/pharmabest.pl\/sklep\/produkt\/laktoferyna-krople\/","og_locale":"pl_PL","og_type":"article","og_title":"Laktoferyna krople - Sklep Pharmabest Sp. z o.o.","og_description":"Laktoferyna to suplement diety w postaci zawiesiny doustnej do stosowania w kroplach. Produkt zawiera mikronizowan\u0105 laktoferyn\u0119 z mleka krowiego (bLF).","og_url":"https:\/\/pharmabest.pl\/sklep\/produkt\/laktoferyna-krople\/","og_site_name":"Sklep Pharmabest Sp. z o.o.","article_publisher":"https:\/\/www.facebook.com\/pharmabest.polska\/","article_modified_time":"2026-05-14T17:46:28+00:00","og_image":[{"width":1000,"height":1000,"url":"https:\/\/pharmabest.pl\/sklep\/wp-content\/uploads\/2017\/10\/Laktoferyna_krople.jpg","type":"image\/jpeg"}],"twitter_card":"summary_large_image","twitter_misc":{"Szacowany czas czytania":"2 minuty"},"schema":{"@context":"https:\/\/schema.org","@graph":[{"@type":"WebPage","@id":"https:\/\/pharmabest.pl\/sklep\/produkt\/laktoferyna-krople\/","url":"https:\/\/pharmabest.pl\/sklep\/produkt\/laktoferyna-krople\/","name":"Laktoferyna krople - Sklep Pharmabest Sp. z o.o.","isPartOf":{"@id":"https:\/\/pharmabest.pl\/sklep\/#website"},"primaryImageOfPage":{"@id":"https:\/\/pharmabest.pl\/sklep\/produkt\/laktoferyna-krople\/#primaryimage"},"image":{"@id":"https:\/\/pharmabest.pl\/sklep\/produkt\/laktoferyna-krople\/#primaryimage"},"thumbnailUrl":"https:\/\/pharmabest.pl\/sklep\/wp-content\/uploads\/2017\/10\/Laktoferyna_krople.jpg","datePublished":"2017-10-11T08:54:37+00:00","dateModified":"2026-05-14T17:46:28+00:00","description":"Laktoferyna to suplement diety w postaci zawiesiny doustnej do stosowania w kroplach. Produkt zawiera mikronizowan\u0105 laktoferyn\u0119 z mleka krowiego (bLF).","breadcrumb":{"@id":"https:\/\/pharmabest.pl\/sklep\/produkt\/laktoferyna-krople\/#breadcrumb"},"inLanguage":"pl-PL","potentialAction":[{"@type":"ReadAction","target":["https:\/\/pharmabest.pl\/sklep\/produkt\/laktoferyna-krople\/"]}]},{"@type":"ImageObject","inLanguage":"pl-PL","@id":"https:\/\/pharmabest.pl\/sklep\/produkt\/laktoferyna-krople\/#primaryimage","url":"https:\/\/pharmabest.pl\/sklep\/wp-content\/uploads\/2017\/10\/Laktoferyna_krople.jpg","contentUrl":"https:\/\/pharmabest.pl\/sklep\/wp-content\/uploads\/2017\/10\/Laktoferyna_krople.jpg","width":1000,"height":1000},{"@type":"BreadcrumbList","@id":"https:\/\/pharmabest.pl\/sklep\/produkt\/laktoferyna-krople\/#breadcrumb","itemListElement":[{"@type":"ListItem","position":1,"name":"Strona g\u0142\u00f3wna","item":"https:\/\/pharmabest.pl\/sklep\/"},{"@type":"ListItem","position":2,"name":"Sklep","item":"https:\/\/pharmabest.pl\/sklep\/sklep\/"},{"@type":"ListItem","position":3,"name":"Laktoferyna Pharmabest Krople"}]},{"@type":"WebSite","@id":"https:\/\/pharmabest.pl\/sklep\/#website","url":"https:\/\/pharmabest.pl\/sklep\/","name":"Sklep Pharmabest Sp. z o.o.","description":"Przedmiotem dzia\u0142alno\u015bci sp\u00f3\u0142ki jest dystrybucja wysokiej jako\u015bci produkt\u00f3w \u017cywno\u015bciowych oraz wyrob\u00f3w medycznych. Poszukujemy, rozwijamy i wdra\u017camy nowe marki dla polskich pacjent\u00f3w, kt\u00f3re nie by\u0142y dot\u0105d dost\u0119pne.","publisher":{"@id":"https:\/\/pharmabest.pl\/sklep\/#organization"},"potentialAction":[{"@type":"SearchAction","target":{"@type":"EntryPoint","urlTemplate":"https:\/\/pharmabest.pl\/sklep\/?s={search_term_string}"},"query-input":{"@type":"PropertyValueSpecification","valueRequired":true,"valueName":"search_term_string"}}],"inLanguage":"pl-PL"},{"@type":"Organization","@id":"https:\/\/pharmabest.pl\/sklep\/#organization","name":"Pharmabest Sp. z o.o.","url":"https:\/\/pharmabest.pl\/sklep\/","logo":{"@type":"ImageObject","inLanguage":"pl-PL","@id":"https:\/\/pharmabest.pl\/sklep\/#\/schema\/logo\/image\/","url":"https:\/\/pharmabest.pl\/sklep\/wp-content\/uploads\/2018\/10\/logo-ma\u0142e.png","contentUrl":"https:\/\/pharmabest.pl\/sklep\/wp-content\/uploads\/2018\/10\/logo-ma\u0142e.png","width":340,"height":48,"caption":"Pharmabest Sp. z o.o."},"image":{"@id":"https:\/\/pharmabest.pl\/sklep\/#\/schema\/logo\/image\/"},"sameAs":["https:\/\/www.facebook.com\/pharmabest.polska\/"]}]}},"_links":{"self":[{"href":"https:\/\/pharmabest.pl\/sklep\/wp-json\/wp\/v2\/product\/5943","targetHints":{"allow":["GET"]}}],"collection":[{"href":"https:\/\/pharmabest.pl\/sklep\/wp-json\/wp\/v2\/product"}],"about":[{"href":"https:\/\/pharmabest.pl\/sklep\/wp-json\/wp\/v2\/types\/product"}],"replies":[{"embeddable":true,"href":"https:\/\/pharmabest.pl\/sklep\/wp-json\/wp\/v2\/comments?post=5943"}],"wp:featuredmedia":[{"embeddable":true,"href":"https:\/\/pharmabest.pl\/sklep\/wp-json\/wp\/v2\/media\/12009"}],"wp:attachment":[{"href":"https:\/\/pharmabest.pl\/sklep\/wp-json\/wp\/v2\/media?parent=5943"}],"wp:term":[{"taxonomy":"product_brand","embeddable":true,"href":"https:\/\/pharmabest.pl\/sklep\/wp-json\/wp\/v2\/product_brand?post=5943"},{"taxonomy":"product_cat","embeddable":true,"href":"https:\/\/pharmabest.pl\/sklep\/wp-json\/wp\/v2\/product_cat?post=5943"},{"taxonomy":"product_tag","embeddable":true,"href":"https:\/\/pharmabest.pl\/sklep\/wp-json\/wp\/v2\/product_tag?post=5943"}],"curies":[{"name":"wp","href":"https:\/\/api.w.org\/{rel}","templated":true}]}}