{"id":5939,"date":"2017-10-11T10:44:52","date_gmt":"2017-10-11T08:44:52","guid":{"rendered":"http:\/\/www.ameti2.hekko24.pl\/?post_type=product&#038;p=5939"},"modified":"2026-03-20T11:11:51","modified_gmt":"2026-03-20T10:11:51","slug":"laktoferyna-kapsulki","status":"publish","type":"product","link":"https:\/\/pharmabest.pl\/sklep\/produkt\/laktoferyna-kapsulki\/","title":{"rendered":"Laktoferyna Pharmabest Kapsu\u0142ki"},"content":{"rendered":"<section id=\"easyCookie\" class=\"ec-fixed  ec-icon   ec-double-btn\" data-expiresdays=\"180\">\n\t\t<div>\n\t\t\t<div class=\"ec-infos\">\n\t\t\t\t<br>\r\nProsimy o przeczytanie tej informacji zanim klikniesz \u201eAkceptuj\u0119\u201d lub zamkniesz to okno. Pragniemy poinformowa\u0107 Ci\u0119, \u017ce Zgodnie z art. 13 ust. 1\u22122 rozporz\u0105dzenia Parlamentu Europejskiego i Rady (UE) 2016\/679 z 27.04.2016 (tzw. RODO), zapewniamy bezpiecze\u0144stwo danym, kt\u00f3re s\u0105 przetwarzane w ramach dzia\u0142ania naszej strony. Prosimy Ci\u0119 o zapoznanie si\u0119 z Polityk\u0105 Prywatno\u015bci naszej firmy. Klikaj\u0105c \u201eAkceptuj\u0119\u201d lub zamykaj\u0105c okno, zgadzasz si\u0119 na warunki przetwarzania swoich danych osobowych wyra\u017cone w <a href=\"\/polityka-prywatnosci\" style=\"color: #04afee;\"><b>Polityce Prywatno\u015bci<\/b><\/a>.\r\n<br><br>\n\t\t\t<\/div>\n\t\t\t<div class=\"ec-btns\">\n\t\t\t\t<a href=\"#\" class=\"ec-accept\">Akceptuj\u0119<\/a>\n\t\t\t\t<a href=\"http:\/\/pharmabest.pl\/sklep\/polityka-prywatnosci\" class=\"ec-empty\">Wi\u0119cej<\/a>\n\t\t\t<\/div>\n\t\t<\/div>\n\t<\/section><div class=\"wpb_text_column wpb_content_element \">\n<div class=\"wpb_wrapper\">\n<p><strong>Suplement diety w postaci kapsu\u0142ek.<\/strong><\/p>\n<\/div>\n<\/div>\n<div class=\"vc_empty_space\"><\/div>\n<div class=\"wpb_text_column wpb_content_element \">\n<div class=\"wpb_wrapper\">\n<p>Zawiera\u00a0<strong>100 mg laktoferyny<\/strong>\u00a0z mleka krowiego w jednej kapsu\u0142ce.<\/p>\n<p>15 kapsu\u0142ek<\/p>\n<\/div>\n<\/div>\n<div class=\"vc_empty_space\"><\/div>\n<div class=\"wpb_text_column wpb_content_element \">\n<div class=\"wpb_wrapper\">\n<p><strong>Zalecana porcja do spo\u017cycia w ci\u0105gu dnia:\u00a0<\/strong>dzieci powy\u017cej 3 r.\u017c.: 1 kapsu\u0142ka; doro\u015bli: 2-4 kapsu\u0142ki.<\/p>\n<p><strong>Rekomendowany okres suplementacji: 3 miesi\u0105ce.\u00a0<\/strong><\/p>\n<\/div>\n<\/div>\n<div class=\"vc_empty_space\"><\/div>\n<div class=\"wpb_text_column wpb_content_element \">\n<div class=\"wpb_wrapper\">\n<p><strong>Sk\u0142adniki:<\/strong> maltodekstryna, laktoferyna z\u00a0<b>mleka<\/b>\u00a0krowiego, hydroksypropylometyloceluloza, substancja przeciwzbrylaj\u0105ca: mono- i diglicerydy kwas\u00f3w t\u0142uszczowych, tlenek cynku.<\/p>\n<table width=\"100%\">\n<tbody>\n<tr>\n<td width=\"20%\"><strong>Sk\u0142adniki<\/strong><\/td>\n<td width=\"20%\"><strong>w 1 kapsu\u0142ce<\/strong><\/td>\n<td width=\"20%\"><strong>w 2 kapsu\u0142kach<\/strong><\/td>\n<td width=\"20%\"><strong>w 3 kapsu\u0142kach<\/strong><\/td>\n<td width=\"20%\"><strong>w 4 kapsu\u0142kach<\/strong><\/td>\n<\/tr>\n<tr>\n<td width=\"20%\">Laktoferyna<\/td>\n<td width=\"20%\">100 mg<\/td>\n<td width=\"20%\">200 mg<\/td>\n<td width=\"20%\">300 mg<\/td>\n<td width=\"20%\">400 mg<\/td>\n<\/tr>\n<\/tbody>\n<\/table>\n<\/div>\n<\/div>\n<div class=\"vc_empty_space\"><\/div>\n<div class=\"wpb_text_column wpb_content_element \">\n<div class=\"wpb_wrapper\">\n<p>&nbsp;<\/p>\n<p><strong>Spos\u00f3b przygotowania i u\u017cycia:\u00a0<\/strong>kapsu\u0142k\u0119 nale\u017cy po\u0142kn\u0105\u0107 i popi\u0107 letni\u0105 wod\u0105 lub innym letnim p\u0142ynem (mleko, sok, jogurt). Kapsu\u0142k\u0119 mo\u017cna tak\u017ce otworzy\u0107, a jej zawarto\u015b\u0107 spo\u017cy\u0107 bezpo\u015brednio lub po rozpuszczeniu w letnim p\u0142ynie. Zawarto\u015bci kapsu\u0142ki nie nale\u017cy rozpuszcza\u0107 w p\u0142ynach gor\u0105cych ani gazowanych.<\/p>\n<\/div>\n<\/div>\n<div class=\"vc_empty_space\"><\/div>\n<div class=\"wpb_text_column wpb_content_element \">\n<div class=\"wpb_wrapper\">\n<p><strong>Przechowywa\u0107 w temperaturze poni\u017cej 25<sup>o<\/sup>C<\/strong>, w zamkni\u0119tym opakowaniu, w suchym miejscu. Chroni\u0107 przed \u015bwiat\u0142em.<\/p>\n<\/div>\n<\/div>\n<div class=\"vc_empty_space\"><\/div>\n<div class=\"wpb_text_column wpb_content_element \">\n<div class=\"wpb_wrapper\">\n<p><b>Wa\u017cne informacje:<\/b>\u00a0suplementy diety powinny by\u0107 przechowywane w spos\u00f3b niedost\u0119pny dla ma\u0142ych dzieci. Suplementy diety nie mog\u0105 by\u0107 stosowane jako zamiennik zr\u00f3\u017cnicowanej diety. Nie przekracza\u0107 porcji zalecanej do spo\u017cycia w ci\u0105gu dnia.\u00a0<b>Produkt bezglutenowy<\/b>.<\/p>\n<\/div>\n<p>&nbsp;<\/p>\n<p><b>Laktoferyna\u00a0<\/b>to bia\u0142ko serwatkowe, naturalnie wyst\u0119puj\u0105ce w p\u0142ynach ustrojowych organizmu. Wytwarzana jest przez kom\u00f3rki b\u0142on \u015bluzowych oraz kom\u00f3rki uk\u0142adu odporno\u015bciowego \u2013 neutrofile.<\/p>\n<\/div>\n","protected":false},"excerpt":{"rendered":"<p><strong>Suplement diety w postaci kapsu\u0142ek, zawieraj\u0105cy 100 mg laktoferyny z mleka krowiego w 1 kapsu\u0142ce.<\/strong><\/p>\n","protected":false},"featured_media":12010,"comment_status":"open","ping_status":"closed","template":"","meta":{"_exactmetrics_skip_tracking":false,"_exactmetrics_sitenote_active":false,"_exactmetrics_sitenote_note":"","_exactmetrics_sitenote_category":0},"product_brand":[],"product_cat":[128],"product_tag":[131],"class_list":{"0":"post-5939","1":"product","2":"type-product","3":"status-publish","4":"has-post-thumbnail","6":"product_cat-laktoferyna","7":"product_tag-laktoferyna","9":"first","10":"instock","11":"shipping-taxable","12":"purchasable","13":"product-type-simple"},"yoast_head":"<!-- This site is optimized with the Yoast SEO plugin v27.4 - https:\/\/yoast.com\/product\/yoast-seo-wordpress\/ -->\n<title>Laktoferyna kapsu\u0142ki - Sklep Pharmabest Sp. z o.o.<\/title>\n<meta name=\"description\" content=\"Laktoferyna kapsu\u0142ki. Laktoferyna to suplement diety w postaci kapsu\u0142ek, zawieraj\u0105cy 100 mg laktoferyny z mleka krowiego w 1 kapsu\u0142ce.\" \/>\n<meta name=\"robots\" content=\"index, follow, max-snippet:-1, max-image-preview:large, max-video-preview:-1\" \/>\n<link rel=\"canonical\" href=\"https:\/\/pharmabest.pl\/sklep\/produkt\/laktoferyna-kapsulki\/\" \/>\n<meta property=\"og:locale\" content=\"pl_PL\" \/>\n<meta property=\"og:type\" content=\"article\" \/>\n<meta property=\"og:title\" content=\"Laktoferyna kapsu\u0142ki - Sklep Pharmabest Sp. z o.o.\" \/>\n<meta property=\"og:description\" content=\"Laktoferyna kapsu\u0142ki. Laktoferyna to suplement diety w postaci kapsu\u0142ek, zawieraj\u0105cy 100 mg laktoferyny z mleka krowiego w 1 kapsu\u0142ce.\" \/>\n<meta property=\"og:url\" content=\"https:\/\/pharmabest.pl\/sklep\/produkt\/laktoferyna-kapsulki\/\" \/>\n<meta property=\"og:site_name\" content=\"Sklep Pharmabest Sp. z o.o.\" \/>\n<meta property=\"article:publisher\" content=\"https:\/\/www.facebook.com\/pharmabest.polska\/\" \/>\n<meta property=\"article:modified_time\" content=\"2026-03-20T10:11:51+00:00\" \/>\n<meta property=\"og:image\" content=\"https:\/\/pharmabest.pl\/sklep\/wp-content\/uploads\/2017\/10\/Laktoferyna_kaps.jpg\" \/>\n\t<meta property=\"og:image:width\" content=\"1000\" \/>\n\t<meta property=\"og:image:height\" content=\"1000\" \/>\n\t<meta property=\"og:image:type\" content=\"image\/jpeg\" \/>\n<meta name=\"twitter:card\" content=\"summary_large_image\" \/>\n<meta name=\"twitter:label1\" content=\"Szacowany czas czytania\" \/>\n\t<meta name=\"twitter:data1\" content=\"2 minuty\" \/>\n<script type=\"application\/ld+json\" class=\"yoast-schema-graph\">{\"@context\":\"https:\\\/\\\/schema.org\",\"@graph\":[{\"@type\":\"WebPage\",\"@id\":\"https:\\\/\\\/pharmabest.pl\\\/sklep\\\/produkt\\\/laktoferyna-kapsulki\\\/\",\"url\":\"https:\\\/\\\/pharmabest.pl\\\/sklep\\\/produkt\\\/laktoferyna-kapsulki\\\/\",\"name\":\"Laktoferyna kapsu\u0142ki - Sklep Pharmabest Sp. z o.o.\",\"isPartOf\":{\"@id\":\"https:\\\/\\\/pharmabest.pl\\\/sklep\\\/#website\"},\"primaryImageOfPage\":{\"@id\":\"https:\\\/\\\/pharmabest.pl\\\/sklep\\\/produkt\\\/laktoferyna-kapsulki\\\/#primaryimage\"},\"image\":{\"@id\":\"https:\\\/\\\/pharmabest.pl\\\/sklep\\\/produkt\\\/laktoferyna-kapsulki\\\/#primaryimage\"},\"thumbnailUrl\":\"https:\\\/\\\/pharmabest.pl\\\/sklep\\\/wp-content\\\/uploads\\\/2017\\\/10\\\/Laktoferyna_kaps.jpg\",\"datePublished\":\"2017-10-11T08:44:52+00:00\",\"dateModified\":\"2026-03-20T10:11:51+00:00\",\"description\":\"Laktoferyna kapsu\u0142ki. Laktoferyna to suplement diety w postaci kapsu\u0142ek, zawieraj\u0105cy 100 mg laktoferyny z mleka krowiego w 1 kapsu\u0142ce.\",\"breadcrumb\":{\"@id\":\"https:\\\/\\\/pharmabest.pl\\\/sklep\\\/produkt\\\/laktoferyna-kapsulki\\\/#breadcrumb\"},\"inLanguage\":\"pl-PL\",\"potentialAction\":[{\"@type\":\"ReadAction\",\"target\":[\"https:\\\/\\\/pharmabest.pl\\\/sklep\\\/produkt\\\/laktoferyna-kapsulki\\\/\"]}]},{\"@type\":\"ImageObject\",\"inLanguage\":\"pl-PL\",\"@id\":\"https:\\\/\\\/pharmabest.pl\\\/sklep\\\/produkt\\\/laktoferyna-kapsulki\\\/#primaryimage\",\"url\":\"https:\\\/\\\/pharmabest.pl\\\/sklep\\\/wp-content\\\/uploads\\\/2017\\\/10\\\/Laktoferyna_kaps.jpg\",\"contentUrl\":\"https:\\\/\\\/pharmabest.pl\\\/sklep\\\/wp-content\\\/uploads\\\/2017\\\/10\\\/Laktoferyna_kaps.jpg\",\"width\":1000,\"height\":1000},{\"@type\":\"BreadcrumbList\",\"@id\":\"https:\\\/\\\/pharmabest.pl\\\/sklep\\\/produkt\\\/laktoferyna-kapsulki\\\/#breadcrumb\",\"itemListElement\":[{\"@type\":\"ListItem\",\"position\":1,\"name\":\"Strona g\u0142\u00f3wna\",\"item\":\"https:\\\/\\\/pharmabest.pl\\\/sklep\\\/\"},{\"@type\":\"ListItem\",\"position\":2,\"name\":\"Sklep\",\"item\":\"https:\\\/\\\/pharmabest.pl\\\/sklep\\\/sklep\\\/\"},{\"@type\":\"ListItem\",\"position\":3,\"name\":\"Laktoferyna Pharmabest Kapsu\u0142ki\"}]},{\"@type\":\"WebSite\",\"@id\":\"https:\\\/\\\/pharmabest.pl\\\/sklep\\\/#website\",\"url\":\"https:\\\/\\\/pharmabest.pl\\\/sklep\\\/\",\"name\":\"Sklep Pharmabest Sp. z o.o.\",\"description\":\"Przedmiotem dzia\u0142alno\u015bci sp\u00f3\u0142ki jest dystrybucja wysokiej jako\u015bci produkt\u00f3w \u017cywno\u015bciowych oraz wyrob\u00f3w medycznych. Poszukujemy, rozwijamy i wdra\u017camy nowe marki dla polskich pacjent\u00f3w, kt\u00f3re nie by\u0142y dot\u0105d dost\u0119pne.\",\"publisher\":{\"@id\":\"https:\\\/\\\/pharmabest.pl\\\/sklep\\\/#organization\"},\"potentialAction\":[{\"@type\":\"SearchAction\",\"target\":{\"@type\":\"EntryPoint\",\"urlTemplate\":\"https:\\\/\\\/pharmabest.pl\\\/sklep\\\/?s={search_term_string}\"},\"query-input\":{\"@type\":\"PropertyValueSpecification\",\"valueRequired\":true,\"valueName\":\"search_term_string\"}}],\"inLanguage\":\"pl-PL\"},{\"@type\":\"Organization\",\"@id\":\"https:\\\/\\\/pharmabest.pl\\\/sklep\\\/#organization\",\"name\":\"Pharmabest Sp. z o.o.\",\"url\":\"https:\\\/\\\/pharmabest.pl\\\/sklep\\\/\",\"logo\":{\"@type\":\"ImageObject\",\"inLanguage\":\"pl-PL\",\"@id\":\"https:\\\/\\\/pharmabest.pl\\\/sklep\\\/#\\\/schema\\\/logo\\\/image\\\/\",\"url\":\"https:\\\/\\\/pharmabest.pl\\\/sklep\\\/wp-content\\\/uploads\\\/2018\\\/10\\\/logo-ma\u0142e.png\",\"contentUrl\":\"https:\\\/\\\/pharmabest.pl\\\/sklep\\\/wp-content\\\/uploads\\\/2018\\\/10\\\/logo-ma\u0142e.png\",\"width\":340,\"height\":48,\"caption\":\"Pharmabest Sp. z o.o.\"},\"image\":{\"@id\":\"https:\\\/\\\/pharmabest.pl\\\/sklep\\\/#\\\/schema\\\/logo\\\/image\\\/\"},\"sameAs\":[\"https:\\\/\\\/www.facebook.com\\\/pharmabest.polska\\\/\"]}]}<\/script>\n<!-- \/ Yoast SEO plugin. -->","yoast_head_json":{"title":"Laktoferyna kapsu\u0142ki - Sklep Pharmabest Sp. z o.o.","description":"Laktoferyna kapsu\u0142ki. Laktoferyna to suplement diety w postaci kapsu\u0142ek, zawieraj\u0105cy 100 mg laktoferyny z mleka krowiego w 1 kapsu\u0142ce.","robots":{"index":"index","follow":"follow","max-snippet":"max-snippet:-1","max-image-preview":"max-image-preview:large","max-video-preview":"max-video-preview:-1"},"canonical":"https:\/\/pharmabest.pl\/sklep\/produkt\/laktoferyna-kapsulki\/","og_locale":"pl_PL","og_type":"article","og_title":"Laktoferyna kapsu\u0142ki - Sklep Pharmabest Sp. z o.o.","og_description":"Laktoferyna kapsu\u0142ki. Laktoferyna to suplement diety w postaci kapsu\u0142ek, zawieraj\u0105cy 100 mg laktoferyny z mleka krowiego w 1 kapsu\u0142ce.","og_url":"https:\/\/pharmabest.pl\/sklep\/produkt\/laktoferyna-kapsulki\/","og_site_name":"Sklep Pharmabest Sp. z o.o.","article_publisher":"https:\/\/www.facebook.com\/pharmabest.polska\/","article_modified_time":"2026-03-20T10:11:51+00:00","og_image":[{"width":1000,"height":1000,"url":"https:\/\/pharmabest.pl\/sklep\/wp-content\/uploads\/2017\/10\/Laktoferyna_kaps.jpg","type":"image\/jpeg"}],"twitter_card":"summary_large_image","twitter_misc":{"Szacowany czas czytania":"2 minuty"},"schema":{"@context":"https:\/\/schema.org","@graph":[{"@type":"WebPage","@id":"https:\/\/pharmabest.pl\/sklep\/produkt\/laktoferyna-kapsulki\/","url":"https:\/\/pharmabest.pl\/sklep\/produkt\/laktoferyna-kapsulki\/","name":"Laktoferyna kapsu\u0142ki - Sklep Pharmabest Sp. z o.o.","isPartOf":{"@id":"https:\/\/pharmabest.pl\/sklep\/#website"},"primaryImageOfPage":{"@id":"https:\/\/pharmabest.pl\/sklep\/produkt\/laktoferyna-kapsulki\/#primaryimage"},"image":{"@id":"https:\/\/pharmabest.pl\/sklep\/produkt\/laktoferyna-kapsulki\/#primaryimage"},"thumbnailUrl":"https:\/\/pharmabest.pl\/sklep\/wp-content\/uploads\/2017\/10\/Laktoferyna_kaps.jpg","datePublished":"2017-10-11T08:44:52+00:00","dateModified":"2026-03-20T10:11:51+00:00","description":"Laktoferyna kapsu\u0142ki. Laktoferyna to suplement diety w postaci kapsu\u0142ek, zawieraj\u0105cy 100 mg laktoferyny z mleka krowiego w 1 kapsu\u0142ce.","breadcrumb":{"@id":"https:\/\/pharmabest.pl\/sklep\/produkt\/laktoferyna-kapsulki\/#breadcrumb"},"inLanguage":"pl-PL","potentialAction":[{"@type":"ReadAction","target":["https:\/\/pharmabest.pl\/sklep\/produkt\/laktoferyna-kapsulki\/"]}]},{"@type":"ImageObject","inLanguage":"pl-PL","@id":"https:\/\/pharmabest.pl\/sklep\/produkt\/laktoferyna-kapsulki\/#primaryimage","url":"https:\/\/pharmabest.pl\/sklep\/wp-content\/uploads\/2017\/10\/Laktoferyna_kaps.jpg","contentUrl":"https:\/\/pharmabest.pl\/sklep\/wp-content\/uploads\/2017\/10\/Laktoferyna_kaps.jpg","width":1000,"height":1000},{"@type":"BreadcrumbList","@id":"https:\/\/pharmabest.pl\/sklep\/produkt\/laktoferyna-kapsulki\/#breadcrumb","itemListElement":[{"@type":"ListItem","position":1,"name":"Strona g\u0142\u00f3wna","item":"https:\/\/pharmabest.pl\/sklep\/"},{"@type":"ListItem","position":2,"name":"Sklep","item":"https:\/\/pharmabest.pl\/sklep\/sklep\/"},{"@type":"ListItem","position":3,"name":"Laktoferyna Pharmabest Kapsu\u0142ki"}]},{"@type":"WebSite","@id":"https:\/\/pharmabest.pl\/sklep\/#website","url":"https:\/\/pharmabest.pl\/sklep\/","name":"Sklep Pharmabest Sp. z o.o.","description":"Przedmiotem dzia\u0142alno\u015bci sp\u00f3\u0142ki jest dystrybucja wysokiej jako\u015bci produkt\u00f3w \u017cywno\u015bciowych oraz wyrob\u00f3w medycznych. Poszukujemy, rozwijamy i wdra\u017camy nowe marki dla polskich pacjent\u00f3w, kt\u00f3re nie by\u0142y dot\u0105d dost\u0119pne.","publisher":{"@id":"https:\/\/pharmabest.pl\/sklep\/#organization"},"potentialAction":[{"@type":"SearchAction","target":{"@type":"EntryPoint","urlTemplate":"https:\/\/pharmabest.pl\/sklep\/?s={search_term_string}"},"query-input":{"@type":"PropertyValueSpecification","valueRequired":true,"valueName":"search_term_string"}}],"inLanguage":"pl-PL"},{"@type":"Organization","@id":"https:\/\/pharmabest.pl\/sklep\/#organization","name":"Pharmabest Sp. z o.o.","url":"https:\/\/pharmabest.pl\/sklep\/","logo":{"@type":"ImageObject","inLanguage":"pl-PL","@id":"https:\/\/pharmabest.pl\/sklep\/#\/schema\/logo\/image\/","url":"https:\/\/pharmabest.pl\/sklep\/wp-content\/uploads\/2018\/10\/logo-ma\u0142e.png","contentUrl":"https:\/\/pharmabest.pl\/sklep\/wp-content\/uploads\/2018\/10\/logo-ma\u0142e.png","width":340,"height":48,"caption":"Pharmabest Sp. z o.o."},"image":{"@id":"https:\/\/pharmabest.pl\/sklep\/#\/schema\/logo\/image\/"},"sameAs":["https:\/\/www.facebook.com\/pharmabest.polska\/"]}]}},"_links":{"self":[{"href":"https:\/\/pharmabest.pl\/sklep\/wp-json\/wp\/v2\/product\/5939","targetHints":{"allow":["GET"]}}],"collection":[{"href":"https:\/\/pharmabest.pl\/sklep\/wp-json\/wp\/v2\/product"}],"about":[{"href":"https:\/\/pharmabest.pl\/sklep\/wp-json\/wp\/v2\/types\/product"}],"replies":[{"embeddable":true,"href":"https:\/\/pharmabest.pl\/sklep\/wp-json\/wp\/v2\/comments?post=5939"}],"wp:featuredmedia":[{"embeddable":true,"href":"https:\/\/pharmabest.pl\/sklep\/wp-json\/wp\/v2\/media\/12010"}],"wp:attachment":[{"href":"https:\/\/pharmabest.pl\/sklep\/wp-json\/wp\/v2\/media?parent=5939"}],"wp:term":[{"taxonomy":"product_brand","embeddable":true,"href":"https:\/\/pharmabest.pl\/sklep\/wp-json\/wp\/v2\/product_brand?post=5939"},{"taxonomy":"product_cat","embeddable":true,"href":"https:\/\/pharmabest.pl\/sklep\/wp-json\/wp\/v2\/product_cat?post=5939"},{"taxonomy":"product_tag","embeddable":true,"href":"https:\/\/pharmabest.pl\/sklep\/wp-json\/wp\/v2\/product_tag?post=5939"}],"curies":[{"name":"wp","href":"https:\/\/api.w.org\/{rel}","templated":true}]}}