{"id":14984,"date":"2026-04-17T11:46:23","date_gmt":"2026-04-17T09:46:23","guid":{"rendered":"https:\/\/pharmabest.pl\/sklep\/?post_type=product&#038;p=14984"},"modified":"2026-04-30T16:28:14","modified_gmt":"2026-04-30T14:28:14","slug":"zestaw-startowy-cds22-formula-saszetki-5-mld","status":"publish","type":"product","link":"https:\/\/pharmabest.pl\/sklep\/produkt\/zestaw-startowy-cds22-formula-saszetki-5-mld\/","title":{"rendered":"ZESTAW STARTOWY \u2013 CDS22-formula Saszetki 5 mld"},"content":{"rendered":"<div class=\"wpb-content-wrapper\"><section id=\"easyCookie\" class=\"ec-fixed  ec-icon   ec-double-btn\" data-expiresdays=\"180\">\n\t\t<div>\n\t\t\t<div class=\"ec-infos\">\n\t\t\t\t<br>\r\nProsimy o przeczytanie tej informacji zanim klikniesz \u201eAkceptuj\u0119\u201d lub zamkniesz to okno. Pragniemy poinformowa\u0107 Ci\u0119, \u017ce Zgodnie z art. 13 ust. 1\u22122 rozporz\u0105dzenia Parlamentu Europejskiego i Rady (UE) 2016\/679 z 27.04.2016 (tzw. RODO), zapewniamy bezpiecze\u0144stwo danym, kt\u00f3re s\u0105 przetwarzane w ramach dzia\u0142ania naszej strony. Prosimy Ci\u0119 o zapoznanie si\u0119 z Polityk\u0105 Prywatno\u015bci naszej firmy. Klikaj\u0105c \u201eAkceptuj\u0119\u201d lub zamykaj\u0105c okno, zgadzasz si\u0119 na warunki przetwarzania swoich danych osobowych wyra\u017cone w <a href=\"\/polityka-prywatnosci\" style=\"color: #04afee;\"><b>Polityce Prywatno\u015bci<\/b><\/a>.\r\n<br><br>\n\t\t\t<\/div>\n\t\t\t<div class=\"ec-btns\">\n\t\t\t\t<a href=\"#\" class=\"ec-accept\">Akceptuj\u0119<\/a>\n\t\t\t\t<a href=\"http:\/\/pharmabest.pl\/sklep\/polityka-prywatnosci\" class=\"ec-empty\">Wi\u0119cej<\/a>\n\t\t\t<\/div>\n\t\t<\/div>\n\t<\/section><div class=\"wpb_wrapper\"><strong>Dzi\u0119kujemy, \u017ce wybra\u0142e\u015b nasz probiotyk.<\/strong><strong>Przygotowali\u015bmy dla Ciebie indywidualny Zestaw Startowy (2 opakowania CDS22-formula 5 mld) \u2013 dost\u0119pny w specjalnej cenie.<br \/>\nUWAGA \u2013 cena na naszym sklepie internetowym to ok. 83 z\u0142<br \/>\n<\/strong><strong>Wpisz sw\u00f3j kod w koszyku.<\/strong><\/div>\n<div><\/div>\n<div class=\"vc_empty_space\">\n<p><b>Suplement diety w proszku do sporz\u0105dzania zawiesiny o smaku bor\u00f3wkowym. <\/b><span style=\"font-weight: 400;\">Zawiera liofilizat szczep\u00f3w kultur bakterii probiotycznych \u2013 <\/span><b>formu\u0142\u0119 Claudio De Simone (CDS22-formula).<\/b> <span style=\"font-weight: 400;\">Przeznaczony do suplementacji diety dzieci powy\u017cej 3 lat i doros\u0142ych. Saszetka zawiera 5 miliard\u00f3w (5 \u00d7 10<\/span><span style=\"font-weight: 400;\"><sup>9<\/sup><\/span><span style=\"font-weight: 400;\">) jednostek tworz\u0105cych kolonie (jtk.).<\/span><\/p>\n<p>Masa netto: 18 g<br \/>\n12 saszetek po 1,5 g<\/p>\n<p><b>Zalecana porcja do spo\u017cycia w ci\u0105gu dnia:<\/b><span style=\"font-weight: 400;\"> 1-2 saszetki.<\/span><\/p>\n<p><b>Spos\u00f3b przygotowania i u\u017cycia:<\/b><span style=\"font-weight: 400;\"> zawarto\u015b\u0107 saszetki nale\u017cy rozpu\u015bci\u0107 w letniej wodzie lub innym letnim p\u0142ynie (mleko, sok, jogurt) i spo\u017cy\u0107 bezpo\u015brednio po przygotowaniu. Zawarto\u015bci saszetki nie nale\u017cy rozpuszcza\u0107 w p\u0142ynach gor\u0105cych ani gazowanych.\u00a0<\/span><\/p>\n<table style=\"height: 78px;\" width=\"513\">\n<tbody>\n<tr>\n<td><b>Sk\u0142adniki aktywne<\/b><\/td>\n<td><b>w 1 saszetce<\/b><\/td>\n<td><b>w 2 saszetkach<\/b><\/td>\n<\/tr>\n<tr>\n<td><span style=\"font-weight: 400;\">Liofilizowane kultury <\/span><span style=\"font-weight: 400;\">bakterii<\/span><\/td>\n<td><span style=\"font-weight: 400;\">5 x 10<\/span><span style=\"font-weight: 400;\"><sup>9<\/sup><\/span><span style=\"font-weight: 400;\">*<\/span><\/td>\n<td><span style=\"font-weight: 400;\">10 x 10<\/span><span style=\"font-weight: 400;\"><sup>9<\/sup><\/span><span style=\"font-weight: 400;\">*<\/span><\/td>\n<\/tr>\n<\/tbody>\n<\/table>\n<p><span style=\"font-weight: 400;\">* jtk. \u2013 jednostki tworz\u0105ce kolonie<\/span><\/p>\n<p><b>Sk\u0142adniki:<\/b><span style=\"font-weight: 400;\"> maltoza, liofilizowane kultury szczep\u00f3w bakterii \u2013 formu\u0142y Claudio De Simone (CDS22-formula), wytworzone z udzia\u0142em pochodnych <\/span><b>mleka<\/b><span style=\"font-weight: 400;\">: Streptococcus thermophilus DSM24731\u00ae \/ NCIMB 30438, Bifidobacterium breve DSM24732\u00ae \/ NCIMB 30441, Bifidobacterium longum DSM24736\u00ae \/ NCIMB 30435*, Bifidobacterium infantis DSM24737\u00ae \/ NCIMB 30436*, Lactobacillus acidophilus DSM24735\u00ae \/ NCIMB 30442, Lactobacillus plantarum DSM24730\u00ae \/ NCIMB 30437, Lactobacillus paracasei DSM24733\u00ae \/ NCIMB 30439, Lactobacillus delbrueckii subsp. bulgaricus DSM24734\u00ae \/ NCIMB 30440**. Naturalny aromat bor\u00f3wkowy z innymi naturalnymi aromatami.<\/span><br \/>\n<span style=\"font-weight: 400;\">* przeklasyfikowano jako<\/span><i><span style=\"font-weight: 400;\"> B. lactis; <\/span><\/i><span style=\"font-weight: 400;\">** przeklasyfikowano jako<\/span><i><span style=\"font-weight: 400;\"> L. helveticus<\/span><\/i><\/p>\n<p><b>Najlepiej spo\u017cy\u0107 przed ko\u0144cem: <\/b><span style=\"font-weight: 400;\">data na spodzie opakowania dotyczy produktu przechowywanego zgodnie z zaleceniami producenta.<\/span><\/p>\n<p><b>Przechowywa\u0107 w lod\u00f3wce w temperaturze 2-8\u00b0C<\/b><span style=\"font-weight: 400;\">, w oryginalnym opakowaniu w celu ochrony przed \u015bwiat\u0142em i wilgoci\u0105. Po zako\u0144czeniu stosowania produktu, nale\u017cy pozby\u0107 si\u0119 pozosta\u0142o\u015bci. Je\u017celi zachodzi taka konieczno\u015b\u0107, <\/span><b>dopuszcza si\u0119 przechowywanie produktu w temperaturze poni\u017cej 25\u00b0C przez maksymalnie 7 dni bez negatywnego wp\u0142ywu na zawarto\u015b\u0107.<\/b><\/p>\n<p><b>Wa\u017cne informacje:<\/b><span style=\"font-weight: 400;\"> suplementy diety powinny by\u0107 przechowywane w spos\u00f3b niedost\u0119pny dla ma\u0142ych dzieci. Suplementy diety nie mog\u0105 by\u0107 stosowane jako zamiennik zr\u00f3\u017cnicowanej diety. Nie przekracza\u0107 porcji zalecanej do spo\u017cycia w ci\u0105gu dnia. Produkt bezglutenowy.<\/span><\/p>\n<\/div>\n<div class=\"wpb_text_column wpb_content_element \">\n<div class=\"wpb_wrapper\">\n<div class=\"vc_row wpb_row section vc_row-fluid full_screen_section\">\n<div class=\" full_section_inner clearfix\">\n<div class=\"wpb_column vc_column_container vc_col-sm-6\">\n<div class=\"vc_column-inner\">\n<div class=\"wpb_wrapper\">\n<div class=\"wpb_text_column wpb_content_element \">\n<div class=\"wpb_wrapper\">\n<p>&nbsp;<\/p>\n<p>Wyprodukowano w UE.<\/p>\n<\/div>\n<\/div>\n<\/div>\n<\/div>\n<\/div>\n<\/div>\n<\/div>\n<\/div>\n<\/div>\n<\/div>","protected":false},"excerpt":{"rendered":"<p><strong>WK\u0141AD TERMICZNY<\/strong><\/p>\n<p>Ten produkt wysy\u0142amy w przesy\u0142ce zawieraj\u0105cej wk\u0142ad termiczny. Gwarantuje on zachowanie w\u0142a\u015bciwo\u015bci produktu podczas transportu. Koszt opakowania oraz wk\u0142adu termicznego wynosi 6,00 z\u0142 brutto i zostanie doliczony przy realizacji zam\u00f3wienia.<\/p>\n<p><strong>Suplement diety w proszku do sporz\u0105dzenia zawiesiny.<\/strong><\/p>\n","protected":false},"featured_media":14985,"comment_status":"open","ping_status":"closed","template":"","meta":{"_exactmetrics_skip_tracking":false,"_exactmetrics_sitenote_active":false,"_exactmetrics_sitenote_note":"","_exactmetrics_sitenote_category":0},"product_brand":[],"product_cat":[16],"product_tag":[],"class_list":{"0":"post-14984","1":"product","2":"type-product","3":"status-publish","4":"has-post-thumbnail","6":"product_cat-wszystkie","7":"product_shipping_class-wklad-termiczny","9":"first","10":"instock","11":"shipping-taxable","12":"purchasable","13":"product-type-simple"},"yoast_head":"<!-- This site is optimized with the Yoast SEO plugin v27.4 - https:\/\/yoast.com\/product\/yoast-seo-wordpress\/ -->\n<title>ZESTAW STARTOWY \u2013 CDS22-formula Saszetki 5 mld - Sklep Pharmabest Sp. z o.o.<\/title>\n<meta name=\"description\" content=\"Vivomixx 450 - Suplement diety w proszku do sporz\u0105dzenia zawiesiny. Zawiera liofilizat \u017cywych kultur bakterii probiotycznych.\" \/>\n<meta name=\"robots\" content=\"index, follow, max-snippet:-1, max-image-preview:large, max-video-preview:-1\" \/>\n<link rel=\"canonical\" href=\"https:\/\/pharmabest.pl\/sklep\/produkt\/zestaw-startowy-cds22-formula-saszetki-5-mld\/\" \/>\n<meta property=\"og:locale\" content=\"pl_PL\" \/>\n<meta property=\"og:type\" content=\"article\" \/>\n<meta property=\"og:title\" content=\"ZESTAW STARTOWY \u2013 CDS22-formula Saszetki 5 mld - Sklep Pharmabest Sp. z o.o.\" \/>\n<meta property=\"og:description\" content=\"Vivomixx 450 - Suplement diety w proszku do sporz\u0105dzenia zawiesiny. Zawiera liofilizat \u017cywych kultur bakterii probiotycznych.\" \/>\n<meta property=\"og:url\" content=\"https:\/\/pharmabest.pl\/sklep\/produkt\/zestaw-startowy-cds22-formula-saszetki-5-mld\/\" \/>\n<meta property=\"og:site_name\" content=\"Sklep Pharmabest Sp. z o.o.\" \/>\n<meta property=\"article:publisher\" content=\"https:\/\/www.facebook.com\/pharmabest.polska\/\" \/>\n<meta property=\"article:modified_time\" content=\"2026-04-30T14:28:14+00:00\" \/>\n<meta property=\"og:image\" content=\"https:\/\/pharmabest.pl\/sklep\/wp-content\/uploads\/2026\/04\/CDS-formula-5-bb-Starter_1500px.png\" \/>\n\t<meta property=\"og:image:width\" content=\"1500\" \/>\n\t<meta property=\"og:image:height\" content=\"1500\" \/>\n\t<meta property=\"og:image:type\" content=\"image\/png\" \/>\n<meta name=\"twitter:card\" content=\"summary_large_image\" \/>\n<meta name=\"twitter:label1\" content=\"Szacowany czas czytania\" \/>\n\t<meta name=\"twitter:data1\" content=\"3 minuty\" \/>\n<script type=\"application\/ld+json\" class=\"yoast-schema-graph\">{\"@context\":\"https:\\\/\\\/schema.org\",\"@graph\":[{\"@type\":\"WebPage\",\"@id\":\"https:\\\/\\\/pharmabest.pl\\\/sklep\\\/produkt\\\/zestaw-startowy-cds22-formula-saszetki-5-mld\\\/\",\"url\":\"https:\\\/\\\/pharmabest.pl\\\/sklep\\\/produkt\\\/zestaw-startowy-cds22-formula-saszetki-5-mld\\\/\",\"name\":\"ZESTAW STARTOWY \u2013 CDS22-formula Saszetki 5 mld - Sklep Pharmabest Sp. z o.o.\",\"isPartOf\":{\"@id\":\"https:\\\/\\\/pharmabest.pl\\\/sklep\\\/#website\"},\"primaryImageOfPage\":{\"@id\":\"https:\\\/\\\/pharmabest.pl\\\/sklep\\\/produkt\\\/zestaw-startowy-cds22-formula-saszetki-5-mld\\\/#primaryimage\"},\"image\":{\"@id\":\"https:\\\/\\\/pharmabest.pl\\\/sklep\\\/produkt\\\/zestaw-startowy-cds22-formula-saszetki-5-mld\\\/#primaryimage\"},\"thumbnailUrl\":\"https:\\\/\\\/pharmabest.pl\\\/sklep\\\/wp-content\\\/uploads\\\/2026\\\/04\\\/CDS-formula-5-bb-Starter_1500px.png\",\"datePublished\":\"2026-04-17T09:46:23+00:00\",\"dateModified\":\"2026-04-30T14:28:14+00:00\",\"description\":\"Vivomixx 450 - Suplement diety w proszku do sporz\u0105dzenia zawiesiny. Zawiera liofilizat \u017cywych kultur bakterii probiotycznych.\",\"breadcrumb\":{\"@id\":\"https:\\\/\\\/pharmabest.pl\\\/sklep\\\/produkt\\\/zestaw-startowy-cds22-formula-saszetki-5-mld\\\/#breadcrumb\"},\"inLanguage\":\"pl-PL\",\"potentialAction\":[{\"@type\":\"ReadAction\",\"target\":[\"https:\\\/\\\/pharmabest.pl\\\/sklep\\\/produkt\\\/zestaw-startowy-cds22-formula-saszetki-5-mld\\\/\"]}]},{\"@type\":\"ImageObject\",\"inLanguage\":\"pl-PL\",\"@id\":\"https:\\\/\\\/pharmabest.pl\\\/sklep\\\/produkt\\\/zestaw-startowy-cds22-formula-saszetki-5-mld\\\/#primaryimage\",\"url\":\"https:\\\/\\\/pharmabest.pl\\\/sklep\\\/wp-content\\\/uploads\\\/2026\\\/04\\\/CDS-formula-5-bb-Starter_1500px.png\",\"contentUrl\":\"https:\\\/\\\/pharmabest.pl\\\/sklep\\\/wp-content\\\/uploads\\\/2026\\\/04\\\/CDS-formula-5-bb-Starter_1500px.png\",\"width\":1500,\"height\":1500},{\"@type\":\"BreadcrumbList\",\"@id\":\"https:\\\/\\\/pharmabest.pl\\\/sklep\\\/produkt\\\/zestaw-startowy-cds22-formula-saszetki-5-mld\\\/#breadcrumb\",\"itemListElement\":[{\"@type\":\"ListItem\",\"position\":1,\"name\":\"Strona g\u0142\u00f3wna\",\"item\":\"https:\\\/\\\/pharmabest.pl\\\/sklep\\\/\"},{\"@type\":\"ListItem\",\"position\":2,\"name\":\"Sklep\",\"item\":\"https:\\\/\\\/pharmabest.pl\\\/sklep\\\/sklep\\\/\"},{\"@type\":\"ListItem\",\"position\":3,\"name\":\"ZESTAW STARTOWY \u2013 CDS22-formula Saszetki 5 mld\"}]},{\"@type\":\"WebSite\",\"@id\":\"https:\\\/\\\/pharmabest.pl\\\/sklep\\\/#website\",\"url\":\"https:\\\/\\\/pharmabest.pl\\\/sklep\\\/\",\"name\":\"Sklep Pharmabest Sp. z o.o.\",\"description\":\"Przedmiotem dzia\u0142alno\u015bci sp\u00f3\u0142ki jest dystrybucja wysokiej jako\u015bci produkt\u00f3w \u017cywno\u015bciowych oraz wyrob\u00f3w medycznych. Poszukujemy, rozwijamy i wdra\u017camy nowe marki dla polskich pacjent\u00f3w, kt\u00f3re nie by\u0142y dot\u0105d dost\u0119pne.\",\"publisher\":{\"@id\":\"https:\\\/\\\/pharmabest.pl\\\/sklep\\\/#organization\"},\"potentialAction\":[{\"@type\":\"SearchAction\",\"target\":{\"@type\":\"EntryPoint\",\"urlTemplate\":\"https:\\\/\\\/pharmabest.pl\\\/sklep\\\/?s={search_term_string}\"},\"query-input\":{\"@type\":\"PropertyValueSpecification\",\"valueRequired\":true,\"valueName\":\"search_term_string\"}}],\"inLanguage\":\"pl-PL\"},{\"@type\":\"Organization\",\"@id\":\"https:\\\/\\\/pharmabest.pl\\\/sklep\\\/#organization\",\"name\":\"Pharmabest Sp. z o.o.\",\"url\":\"https:\\\/\\\/pharmabest.pl\\\/sklep\\\/\",\"logo\":{\"@type\":\"ImageObject\",\"inLanguage\":\"pl-PL\",\"@id\":\"https:\\\/\\\/pharmabest.pl\\\/sklep\\\/#\\\/schema\\\/logo\\\/image\\\/\",\"url\":\"https:\\\/\\\/pharmabest.pl\\\/sklep\\\/wp-content\\\/uploads\\\/2018\\\/10\\\/logo-ma\u0142e.png\",\"contentUrl\":\"https:\\\/\\\/pharmabest.pl\\\/sklep\\\/wp-content\\\/uploads\\\/2018\\\/10\\\/logo-ma\u0142e.png\",\"width\":340,\"height\":48,\"caption\":\"Pharmabest Sp. z o.o.\"},\"image\":{\"@id\":\"https:\\\/\\\/pharmabest.pl\\\/sklep\\\/#\\\/schema\\\/logo\\\/image\\\/\"},\"sameAs\":[\"https:\\\/\\\/www.facebook.com\\\/pharmabest.polska\\\/\"]}]}<\/script>\n<!-- \/ Yoast SEO plugin. -->","yoast_head_json":{"title":"ZESTAW STARTOWY \u2013 CDS22-formula Saszetki 5 mld - Sklep Pharmabest Sp. z o.o.","description":"Vivomixx 450 - Suplement diety w proszku do sporz\u0105dzenia zawiesiny. Zawiera liofilizat \u017cywych kultur bakterii probiotycznych.","robots":{"index":"index","follow":"follow","max-snippet":"max-snippet:-1","max-image-preview":"max-image-preview:large","max-video-preview":"max-video-preview:-1"},"canonical":"https:\/\/pharmabest.pl\/sklep\/produkt\/zestaw-startowy-cds22-formula-saszetki-5-mld\/","og_locale":"pl_PL","og_type":"article","og_title":"ZESTAW STARTOWY \u2013 CDS22-formula Saszetki 5 mld - Sklep Pharmabest Sp. z o.o.","og_description":"Vivomixx 450 - Suplement diety w proszku do sporz\u0105dzenia zawiesiny. Zawiera liofilizat \u017cywych kultur bakterii probiotycznych.","og_url":"https:\/\/pharmabest.pl\/sklep\/produkt\/zestaw-startowy-cds22-formula-saszetki-5-mld\/","og_site_name":"Sklep Pharmabest Sp. z o.o.","article_publisher":"https:\/\/www.facebook.com\/pharmabest.polska\/","article_modified_time":"2026-04-30T14:28:14+00:00","og_image":[{"width":1500,"height":1500,"url":"https:\/\/pharmabest.pl\/sklep\/wp-content\/uploads\/2026\/04\/CDS-formula-5-bb-Starter_1500px.png","type":"image\/png"}],"twitter_card":"summary_large_image","twitter_misc":{"Szacowany czas czytania":"3 minuty"},"schema":{"@context":"https:\/\/schema.org","@graph":[{"@type":"WebPage","@id":"https:\/\/pharmabest.pl\/sklep\/produkt\/zestaw-startowy-cds22-formula-saszetki-5-mld\/","url":"https:\/\/pharmabest.pl\/sklep\/produkt\/zestaw-startowy-cds22-formula-saszetki-5-mld\/","name":"ZESTAW STARTOWY \u2013 CDS22-formula Saszetki 5 mld - Sklep Pharmabest Sp. z o.o.","isPartOf":{"@id":"https:\/\/pharmabest.pl\/sklep\/#website"},"primaryImageOfPage":{"@id":"https:\/\/pharmabest.pl\/sklep\/produkt\/zestaw-startowy-cds22-formula-saszetki-5-mld\/#primaryimage"},"image":{"@id":"https:\/\/pharmabest.pl\/sklep\/produkt\/zestaw-startowy-cds22-formula-saszetki-5-mld\/#primaryimage"},"thumbnailUrl":"https:\/\/pharmabest.pl\/sklep\/wp-content\/uploads\/2026\/04\/CDS-formula-5-bb-Starter_1500px.png","datePublished":"2026-04-17T09:46:23+00:00","dateModified":"2026-04-30T14:28:14+00:00","description":"Vivomixx 450 - Suplement diety w proszku do sporz\u0105dzenia zawiesiny. Zawiera liofilizat \u017cywych kultur bakterii probiotycznych.","breadcrumb":{"@id":"https:\/\/pharmabest.pl\/sklep\/produkt\/zestaw-startowy-cds22-formula-saszetki-5-mld\/#breadcrumb"},"inLanguage":"pl-PL","potentialAction":[{"@type":"ReadAction","target":["https:\/\/pharmabest.pl\/sklep\/produkt\/zestaw-startowy-cds22-formula-saszetki-5-mld\/"]}]},{"@type":"ImageObject","inLanguage":"pl-PL","@id":"https:\/\/pharmabest.pl\/sklep\/produkt\/zestaw-startowy-cds22-formula-saszetki-5-mld\/#primaryimage","url":"https:\/\/pharmabest.pl\/sklep\/wp-content\/uploads\/2026\/04\/CDS-formula-5-bb-Starter_1500px.png","contentUrl":"https:\/\/pharmabest.pl\/sklep\/wp-content\/uploads\/2026\/04\/CDS-formula-5-bb-Starter_1500px.png","width":1500,"height":1500},{"@type":"BreadcrumbList","@id":"https:\/\/pharmabest.pl\/sklep\/produkt\/zestaw-startowy-cds22-formula-saszetki-5-mld\/#breadcrumb","itemListElement":[{"@type":"ListItem","position":1,"name":"Strona g\u0142\u00f3wna","item":"https:\/\/pharmabest.pl\/sklep\/"},{"@type":"ListItem","position":2,"name":"Sklep","item":"https:\/\/pharmabest.pl\/sklep\/sklep\/"},{"@type":"ListItem","position":3,"name":"ZESTAW STARTOWY \u2013 CDS22-formula Saszetki 5 mld"}]},{"@type":"WebSite","@id":"https:\/\/pharmabest.pl\/sklep\/#website","url":"https:\/\/pharmabest.pl\/sklep\/","name":"Sklep Pharmabest Sp. z o.o.","description":"Przedmiotem dzia\u0142alno\u015bci sp\u00f3\u0142ki jest dystrybucja wysokiej jako\u015bci produkt\u00f3w \u017cywno\u015bciowych oraz wyrob\u00f3w medycznych. Poszukujemy, rozwijamy i wdra\u017camy nowe marki dla polskich pacjent\u00f3w, kt\u00f3re nie by\u0142y dot\u0105d dost\u0119pne.","publisher":{"@id":"https:\/\/pharmabest.pl\/sklep\/#organization"},"potentialAction":[{"@type":"SearchAction","target":{"@type":"EntryPoint","urlTemplate":"https:\/\/pharmabest.pl\/sklep\/?s={search_term_string}"},"query-input":{"@type":"PropertyValueSpecification","valueRequired":true,"valueName":"search_term_string"}}],"inLanguage":"pl-PL"},{"@type":"Organization","@id":"https:\/\/pharmabest.pl\/sklep\/#organization","name":"Pharmabest Sp. z o.o.","url":"https:\/\/pharmabest.pl\/sklep\/","logo":{"@type":"ImageObject","inLanguage":"pl-PL","@id":"https:\/\/pharmabest.pl\/sklep\/#\/schema\/logo\/image\/","url":"https:\/\/pharmabest.pl\/sklep\/wp-content\/uploads\/2018\/10\/logo-ma\u0142e.png","contentUrl":"https:\/\/pharmabest.pl\/sklep\/wp-content\/uploads\/2018\/10\/logo-ma\u0142e.png","width":340,"height":48,"caption":"Pharmabest Sp. z o.o."},"image":{"@id":"https:\/\/pharmabest.pl\/sklep\/#\/schema\/logo\/image\/"},"sameAs":["https:\/\/www.facebook.com\/pharmabest.polska\/"]}]}},"_links":{"self":[{"href":"https:\/\/pharmabest.pl\/sklep\/wp-json\/wp\/v2\/product\/14984","targetHints":{"allow":["GET"]}}],"collection":[{"href":"https:\/\/pharmabest.pl\/sklep\/wp-json\/wp\/v2\/product"}],"about":[{"href":"https:\/\/pharmabest.pl\/sklep\/wp-json\/wp\/v2\/types\/product"}],"replies":[{"embeddable":true,"href":"https:\/\/pharmabest.pl\/sklep\/wp-json\/wp\/v2\/comments?post=14984"}],"wp:featuredmedia":[{"embeddable":true,"href":"https:\/\/pharmabest.pl\/sklep\/wp-json\/wp\/v2\/media\/14985"}],"wp:attachment":[{"href":"https:\/\/pharmabest.pl\/sklep\/wp-json\/wp\/v2\/media?parent=14984"}],"wp:term":[{"taxonomy":"product_brand","embeddable":true,"href":"https:\/\/pharmabest.pl\/sklep\/wp-json\/wp\/v2\/product_brand?post=14984"},{"taxonomy":"product_cat","embeddable":true,"href":"https:\/\/pharmabest.pl\/sklep\/wp-json\/wp\/v2\/product_cat?post=14984"},{"taxonomy":"product_tag","embeddable":true,"href":"https:\/\/pharmabest.pl\/sklep\/wp-json\/wp\/v2\/product_tag?post=14984"}],"curies":[{"name":"wp","href":"https:\/\/api.w.org\/{rel}","templated":true}]}}