{"id":6041,"date":"2018-10-12T07:19:26","date_gmt":"2018-10-12T07:19:26","guid":{"rendered":"http:\/\/www.ameti2.hekko24.pl\/?page_id=6041"},"modified":"2023-07-05T15:11:12","modified_gmt":"2023-07-05T13:11:12","slug":"kontakt","status":"publish","type":"page","link":"https:\/\/pharmabest.pl\/sklep\/kontakt\/","title":{"rendered":"Kontakt"},"content":{"rendered":"<div class=\"wpb-content-wrapper\"><section id=\"easyCookie\" class=\"ec-fixed  ec-icon   ec-double-btn\" data-expiresdays=\"180\">\n\t\t<div>\n\t\t\t<div class=\"ec-infos\">\n\t\t\t\t<br>\r\nProsimy o przeczytanie tej informacji zanim klikniesz \u201eAkceptuj\u0119\u201d lub zamkniesz to okno. Pragniemy poinformowa\u0107 Ci\u0119, \u017ce Zgodnie z art. 13 ust. 1\u22122 rozporz\u0105dzenia Parlamentu Europejskiego i Rady (UE) 2016\/679 z 27.04.2016 (tzw. RODO), zapewniamy bezpiecze\u0144stwo danym, kt\u00f3re s\u0105 przetwarzane w ramach dzia\u0142ania naszej strony. Prosimy Ci\u0119 o zapoznanie si\u0119 z Polityk\u0105 Prywatno\u015bci naszej firmy. Klikaj\u0105c \u201eAkceptuj\u0119\u201d lub zamykaj\u0105c okno, zgadzasz si\u0119 na warunki przetwarzania swoich danych osobowych wyra\u017cone w <a href=\"\/polityka-prywatnosci\" style=\"color: #04afee;\"><b>Polityce Prywatno\u015bci<\/b><\/a>.\r\n<br><br>\n\t\t\t<\/div>\n\t\t\t<div class=\"ec-btns\">\n\t\t\t\t<a href=\"#\" class=\"ec-accept\">Akceptuj\u0119<\/a>\n\t\t\t\t<a href=\"http:\/\/pharmabest.pl\/sklep\/polityka-prywatnosci\" class=\"ec-empty\">Wi\u0119cej<\/a>\n\t\t\t<\/div>\n\t\t<\/div>\n\t<\/section><p>[vc_row][vc_column width=&#8221;5\/12&#8243;][vc_column_text]<\/p>\n<h2 style=\"font-size: 26px;\">SKONTAKTUJ SI\u0118 Z NAMI<\/h2>\n<p>[\/vc_column_text][vc_separator][vc_row_inner equal_height=&#8221;yes&#8221;][vc_column_inner width=&#8221;1\/2&#8243;][vc_column_text]<\/p>\n<p style=\"font-size: 14px;\"><strong>ADRES BIURA<\/strong><\/p>\n<p>[\/vc_column_text][vc_column_text]<\/p>\n<div class=\"pikode pikode--custom-content custom-content--14\">\n<p>ul. Rumiana 31 A,<br \/>\n02-956, Warszawa<br \/>\n(Adres odbioru osobistego)<\/p>\n<\/div>\n<p>[\/vc_column_text][\/vc_column_inner][vc_column_inner width=&#8221;1\/2&#8243;][vc_column_text]<\/p>\n<p style=\"font-size: 14px;\"><strong>DANE FIRMY<\/strong><\/p>\n<p>[\/vc_column_text][vc_column_text]<\/p>\n<div class=\"pikode pikode--custom-content custom-content--14\">\n<p>NIP: 951-233-58-08<br \/>\nREGON: 142698306<br \/>\nKRS: 0000380585<br \/>\nXIII Wydzia\u0142 Gospodarczy S\u0105du<br \/>\nRejonowego dla m. st. Warszawy<\/p>\n<\/div>\n<p>[\/vc_column_text][\/vc_column_inner][\/vc_row_inner][vc_separator][vc_row_inner equal_height=&#8221;yes&#8221;][vc_column_inner width=&#8221;1\/2&#8243;][vc_column_text]<\/p>\n<p style=\"font-size: 14px;\"><strong>ADRES REJESTROWY<\/strong><\/p>\n<p>[\/vc_column_text][vc_column_text]Pharmabest Sp. z o.o.<br \/>\nul. Rumiana 31 A,<br \/>\n02-956, Warszawa[\/vc_column_text][\/vc_column_inner][vc_column_inner width=&#8221;1\/2&#8243;][vc_column_text]<\/p>\n<p style=\"font-size: 14px;\"><strong>CHCESZ DO NAS ZADZWONI\u0106?<\/strong><\/p>\n<p>[\/vc_column_text][vc_column_text]Czekamy na Tw\u00f3j telefon w dni robocze w godz. 8:30- 16:30 pod numerami:<\/p>\n<p>+48 734 191 414[\/vc_column_text][\/vc_column_inner][\/vc_row_inner][\/vc_column][vc_column width=&#8221;7\/12&#8243; css=&#8221;.vc_custom_1539333313980{padding-right: 5vw !important;padding-left: 5vw !important;}&#8221;][vc_column_text]<\/p>\n<h2 style=\"font-size: 26px;\">WY\u015aLIJ NAM WIADOMO\u015a\u0106<\/h2>\n<p>[\/vc_column_text][vc_separator][vc_column_text]<div class=\"wpforms-container \" id=\"wpforms-5848\"><form id=\"wpforms-form-5848\" class=\"wpforms-validate wpforms-form\" data-formid=\"5848\" method=\"post\" enctype=\"multipart\/form-data\" action=\"\/sklep\/wp-json\/wp\/v2\/pages\/6041\" data-token=\"8ae09bcb0bc1f3d0a8acb72133743b49\" data-token-time=\"1777715233\"><noscript class=\"wpforms-error-noscript\">Aby wype\u0142ni\u0107 ten formularz, w\u0142\u0105cz obs\u0142ug\u0119 JavaScript w przegl\u0105darce.<\/noscript><div class=\"wpforms-field-container\"><div id=\"wpforms-5848-field_1-container\" class=\"wpforms-field wpforms-field-email\" data-field-id=\"1\"><label class=\"wpforms-field-label wpforms-label-hide\" for=\"wpforms-5848-field_1\">Email <span class=\"wpforms-required-label\">*<\/span><\/label><input type=\"email\" id=\"wpforms-5848-field_1\" class=\"wpforms-field-large wpforms-field-required\" name=\"wpforms[fields][1]\" placeholder=\"Adres e-mail*\" spellcheck=\"false\" required><\/div><div id=\"wpforms-5848-field_0-container\" class=\"wpforms-field wpforms-field-name\" data-field-id=\"0\"><label class=\"wpforms-field-label wpforms-label-hide\" for=\"wpforms-5848-field_0\">Name <span class=\"wpforms-required-label\">*<\/span><\/label><input type=\"text\" id=\"wpforms-5848-field_0\" class=\"wpforms-field-large wpforms-field-required\" name=\"wpforms[fields][0]\" placeholder=\"Imi\u0119 i nazwisko*\" required><\/div><div id=\"wpforms-5848-field_2-container\" class=\"wpforms-field wpforms-field-textarea\" data-field-id=\"2\"><label class=\"wpforms-field-label wpforms-label-hide\" for=\"wpforms-5848-field_2\">Comment or Message <span class=\"wpforms-required-label\">*<\/span><\/label><textarea id=\"wpforms-5848-field_2\" class=\"wpforms-field-medium wpforms-field-required\" name=\"wpforms[fields][2]\" placeholder=\"Twoja wiadomo\u015b\u0107\" required><\/textarea><\/div><div id=\"wpforms-5848-field_4-container\" class=\"wpforms-field wpforms-field-checkbox\" data-field-id=\"4\"><label class=\"wpforms-field-label\">Zgoda na przetwarzanie danych: <span class=\"wpforms-required-label\">*<\/span><\/label><ul id=\"wpforms-5848-field_4\" class=\"wpforms-field-required\"><li class=\"choice-2 depth-1\"><input type=\"checkbox\" id=\"wpforms-5848-field_4_2\" name=\"wpforms[fields][4][]\" value=\"Wyra\u017cam zgod\u0119 na przetwarzanie moich danych osobowych przez Pharmabest sp. z o.o. na zasadach okre\u015blonych w &lt;a target=&quot;_blank&quot; href=&quot;\/polityka-prywatnosci\/&quot;&gt;Polityce prywatno\u015bci&lt;\/a&gt;.\" required ><label class=\"wpforms-field-label-inline\" for=\"wpforms-5848-field_4_2\">Wyra\u017cam zgod\u0119 na przetwarzanie moich danych osobowych przez Pharmabest sp. z o.o. na zasadach okre\u015blonych w <a target=\"_blank\" href=\"\/polityka-prywatnosci\/\">Polityce prywatno\u015bci<\/a>.<\/label><\/li><\/ul><\/div><div id=\"wpforms-5848-field_5-container\" class=\"wpforms-field wpforms-field-checkbox\" data-field-id=\"5\"><ul id=\"wpforms-5848-field_5\"><li class=\"choice-1 depth-1\"><input type=\"checkbox\" id=\"wpforms-5848-field_5_1\" name=\"wpforms[fields][5][]\" value=\"Wyra\u017cam zgod\u0119 na kontakt telefoniczny lub\/i za po\u015brednictwem poczty elektronicznej od pracownik\u00f3w i wsp\u00f3\u0142pracownik\u00f3w Pharmabest sp z o.o.\"  ><label class=\"wpforms-field-label-inline\" for=\"wpforms-5848-field_5_1\">Wyra\u017cam zgod\u0119 na kontakt telefoniczny lub\/i za po\u015brednictwem poczty elektronicznej od pracownik\u00f3w i wsp\u00f3\u0142pracownik\u00f3w Pharmabest sp z o.o.<\/label><\/li><\/ul><\/div><\/div><!-- .wpforms-field-container --><div class=\"wpforms-field wpforms-field-hp\"><label for=\"wpforms-5848-field-hp\" class=\"wpforms-field-label\">Message<\/label><input type=\"text\" name=\"wpforms[hp]\" id=\"wpforms-5848-field-hp\" class=\"wpforms-field-medium\"><\/div><div class=\"wpforms-submit-container\" ><input type=\"hidden\" name=\"wpforms[id]\" value=\"5848\"><input type=\"hidden\" name=\"page_title\" value=\"\"><input type=\"hidden\" name=\"page_url\" value=\"https:\/\/pharmabest.pl\/sklep\/wp-json\/wp\/v2\/pages\/6041\"><input type=\"hidden\" name=\"url_referer\" value=\"\"><button type=\"submit\" name=\"wpforms[submit]\" id=\"wpforms-submit-5848\" class=\"wpforms-submit\" data-alt-text=\"Wysy\u0142anie...\" data-submit-text=\"Wy\u015blij\" aria-live=\"assertive\" value=\"wpforms-submit\">Wy\u015blij<\/button><\/div><\/form><\/div>  <!-- .wpforms-container -->[\/vc_column_text][vc_column_text]<\/p>\n<div class=\"pikode pikode--custom-content custom-content--14\">\n<p style=\"font-size: 18px;\"><strong>Serdecznie zapraszamy do kontaktu osobistego, telefonicznego b\u0105d\u017a mailowego lub te\u017c skorzystania z formularza kontaktowego.<\/strong><\/p>\n<\/div>\n<p>[\/vc_column_text][\/vc_column][\/vc_row][vc_row full_width=&#8221;stretch_row_content_no_spaces&#8221; css=&#8221;.vc_custom_1539333647938{margin-top: 40px !important;margin-bottom: 0px !important;padding-bottom: 0px !important;}&#8221;][vc_column][vc_column_text]<iframe loading=\"lazy\" style=\"border: 0;\" src=\"https:\/\/www.google.com\/maps\/embed?pb=!1m14!1m8!1m3!1d9787.664920332416!2d21.0772903!3d52.1722165!3m2!1i1024!2i768!4f13.1!3m3!1m2!1s0x0%3A0xec871c493b5fc53f!2sPharmabest!5e0!3m2!1spl!2spl!4v1539333361021\" width=\"100%\" height=\"450\" frameborder=\"0\" allowfullscreen=\"allowfullscreen\"><\/iframe>[\/vc_column_text][\/vc_column][\/vc_row]<\/p>\n<\/div>","protected":false},"excerpt":{"rendered":"<p>Prosimy o przeczytanie tej informacji zanim klikniesz \u201eAkceptuj\u0119\u201d lub zamkniesz to okno. Pragniemy poinformowa\u0107 Ci\u0119, \u017ce Zgodnie z art. 13 ust. 1\u22122 rozporz\u0105dzenia Parlamentu Europejskiego i Rady (UE) 2016\/679 z 27.04.2016 (tzw. RODO), zapewniamy bezpiecze\u0144stwo danym, kt\u00f3re s\u0105 przetwarzane w ramach dzia\u0142ania naszej strony. Prosimy Ci\u0119 o zapoznanie si\u0119 z Polityk\u0105 Prywatno\u015bci naszej firmy. Klikaj\u0105c [&hellip;]<\/p>\n","protected":false},"author":963,"featured_media":0,"parent":0,"menu_order":0,"comment_status":"closed","ping_status":"closed","template":"","meta":{"_exactmetrics_skip_tracking":false,"_exactmetrics_sitenote_active":false,"_exactmetrics_sitenote_note":"","_exactmetrics_sitenote_category":0,"footnotes":""},"class_list":["post-6041","page","type-page","status-publish","hentry"],"yoast_head":"<!-- This site is optimized with the Yoast SEO plugin v27.4 - https:\/\/yoast.com\/product\/yoast-seo-wordpress\/ -->\n<title>Kontakt - Sklep Pharmabest Sp. z o.o.<\/title>\n<meta name=\"description\" content=\"Pharmabest kontakt - Serdecznie zapraszamy do kontaktu osobistego, telefonicznego b\u0105d\u017a mailowego lub te\u017c skorzystania z formularza kontaktowego.\" \/>\n<meta name=\"robots\" content=\"index, follow, max-snippet:-1, max-image-preview:large, max-video-preview:-1\" \/>\n<link rel=\"canonical\" href=\"https:\/\/pharmabest.pl\/sklep\/kontakt\/\" \/>\n<meta property=\"og:locale\" content=\"pl_PL\" \/>\n<meta property=\"og:type\" content=\"article\" \/>\n<meta property=\"og:title\" content=\"Kontakt - Sklep Pharmabest Sp. z o.o.\" \/>\n<meta property=\"og:description\" content=\"Pharmabest kontakt - Serdecznie zapraszamy do kontaktu osobistego, telefonicznego b\u0105d\u017a mailowego lub te\u017c skorzystania z formularza kontaktowego.\" \/>\n<meta property=\"og:url\" content=\"https:\/\/pharmabest.pl\/sklep\/kontakt\/\" \/>\n<meta property=\"og:site_name\" content=\"Sklep Pharmabest Sp. z o.o.\" \/>\n<meta property=\"article:publisher\" content=\"https:\/\/www.facebook.com\/pharmabest.polska\/\" \/>\n<meta property=\"article:modified_time\" content=\"2023-07-05T13:11:12+00:00\" \/>\n<meta name=\"twitter:card\" content=\"summary_large_image\" \/>\n<meta name=\"twitter:label1\" content=\"Szacowany czas czytania\" \/>\n\t<meta name=\"twitter:data1\" content=\"1 minuta\" \/>\n<script type=\"application\/ld+json\" class=\"yoast-schema-graph\">{\"@context\":\"https:\\\/\\\/schema.org\",\"@graph\":[{\"@type\":\"WebPage\",\"@id\":\"https:\\\/\\\/pharmabest.pl\\\/sklep\\\/kontakt\\\/\",\"url\":\"https:\\\/\\\/pharmabest.pl\\\/sklep\\\/kontakt\\\/\",\"name\":\"Kontakt - Sklep Pharmabest Sp. z o.o.\",\"isPartOf\":{\"@id\":\"https:\\\/\\\/pharmabest.pl\\\/sklep\\\/#website\"},\"datePublished\":\"2018-10-12T07:19:26+00:00\",\"dateModified\":\"2023-07-05T13:11:12+00:00\",\"description\":\"Pharmabest kontakt - Serdecznie zapraszamy do kontaktu osobistego, telefonicznego b\u0105d\u017a mailowego lub te\u017c skorzystania z formularza kontaktowego.\",\"breadcrumb\":{\"@id\":\"https:\\\/\\\/pharmabest.pl\\\/sklep\\\/kontakt\\\/#breadcrumb\"},\"inLanguage\":\"pl-PL\",\"potentialAction\":[{\"@type\":\"ReadAction\",\"target\":[\"https:\\\/\\\/pharmabest.pl\\\/sklep\\\/kontakt\\\/\"]}]},{\"@type\":\"BreadcrumbList\",\"@id\":\"https:\\\/\\\/pharmabest.pl\\\/sklep\\\/kontakt\\\/#breadcrumb\",\"itemListElement\":[{\"@type\":\"ListItem\",\"position\":1,\"name\":\"Strona g\u0142\u00f3wna\",\"item\":\"https:\\\/\\\/pharmabest.pl\\\/sklep\\\/\"},{\"@type\":\"ListItem\",\"position\":2,\"name\":\"Kontakt\"}]},{\"@type\":\"WebSite\",\"@id\":\"https:\\\/\\\/pharmabest.pl\\\/sklep\\\/#website\",\"url\":\"https:\\\/\\\/pharmabest.pl\\\/sklep\\\/\",\"name\":\"Sklep Pharmabest Sp. z o.o.\",\"description\":\"Przedmiotem dzia\u0142alno\u015bci sp\u00f3\u0142ki jest dystrybucja wysokiej jako\u015bci produkt\u00f3w \u017cywno\u015bciowych oraz wyrob\u00f3w medycznych. Poszukujemy, rozwijamy i wdra\u017camy nowe marki dla polskich pacjent\u00f3w, kt\u00f3re nie by\u0142y dot\u0105d dost\u0119pne.\",\"publisher\":{\"@id\":\"https:\\\/\\\/pharmabest.pl\\\/sklep\\\/#organization\"},\"potentialAction\":[{\"@type\":\"SearchAction\",\"target\":{\"@type\":\"EntryPoint\",\"urlTemplate\":\"https:\\\/\\\/pharmabest.pl\\\/sklep\\\/?s={search_term_string}\"},\"query-input\":{\"@type\":\"PropertyValueSpecification\",\"valueRequired\":true,\"valueName\":\"search_term_string\"}}],\"inLanguage\":\"pl-PL\"},{\"@type\":\"Organization\",\"@id\":\"https:\\\/\\\/pharmabest.pl\\\/sklep\\\/#organization\",\"name\":\"Pharmabest Sp. z o.o.\",\"url\":\"https:\\\/\\\/pharmabest.pl\\\/sklep\\\/\",\"logo\":{\"@type\":\"ImageObject\",\"inLanguage\":\"pl-PL\",\"@id\":\"https:\\\/\\\/pharmabest.pl\\\/sklep\\\/#\\\/schema\\\/logo\\\/image\\\/\",\"url\":\"https:\\\/\\\/pharmabest.pl\\\/sklep\\\/wp-content\\\/uploads\\\/2018\\\/10\\\/logo-ma\u0142e.png\",\"contentUrl\":\"https:\\\/\\\/pharmabest.pl\\\/sklep\\\/wp-content\\\/uploads\\\/2018\\\/10\\\/logo-ma\u0142e.png\",\"width\":340,\"height\":48,\"caption\":\"Pharmabest Sp. z o.o.\"},\"image\":{\"@id\":\"https:\\\/\\\/pharmabest.pl\\\/sklep\\\/#\\\/schema\\\/logo\\\/image\\\/\"},\"sameAs\":[\"https:\\\/\\\/www.facebook.com\\\/pharmabest.polska\\\/\"]}]}<\/script>\n<!-- \/ Yoast SEO plugin. -->","yoast_head_json":{"title":"Kontakt - Sklep Pharmabest Sp. z o.o.","description":"Pharmabest kontakt - Serdecznie zapraszamy do kontaktu osobistego, telefonicznego b\u0105d\u017a mailowego lub te\u017c skorzystania z formularza kontaktowego.","robots":{"index":"index","follow":"follow","max-snippet":"max-snippet:-1","max-image-preview":"max-image-preview:large","max-video-preview":"max-video-preview:-1"},"canonical":"https:\/\/pharmabest.pl\/sklep\/kontakt\/","og_locale":"pl_PL","og_type":"article","og_title":"Kontakt - Sklep Pharmabest Sp. z o.o.","og_description":"Pharmabest kontakt - Serdecznie zapraszamy do kontaktu osobistego, telefonicznego b\u0105d\u017a mailowego lub te\u017c skorzystania z formularza kontaktowego.","og_url":"https:\/\/pharmabest.pl\/sklep\/kontakt\/","og_site_name":"Sklep Pharmabest Sp. z o.o.","article_publisher":"https:\/\/www.facebook.com\/pharmabest.polska\/","article_modified_time":"2023-07-05T13:11:12+00:00","twitter_card":"summary_large_image","twitter_misc":{"Szacowany czas czytania":"1 minuta"},"schema":{"@context":"https:\/\/schema.org","@graph":[{"@type":"WebPage","@id":"https:\/\/pharmabest.pl\/sklep\/kontakt\/","url":"https:\/\/pharmabest.pl\/sklep\/kontakt\/","name":"Kontakt - Sklep Pharmabest Sp. z o.o.","isPartOf":{"@id":"https:\/\/pharmabest.pl\/sklep\/#website"},"datePublished":"2018-10-12T07:19:26+00:00","dateModified":"2023-07-05T13:11:12+00:00","description":"Pharmabest kontakt - Serdecznie zapraszamy do kontaktu osobistego, telefonicznego b\u0105d\u017a mailowego lub te\u017c skorzystania z formularza kontaktowego.","breadcrumb":{"@id":"https:\/\/pharmabest.pl\/sklep\/kontakt\/#breadcrumb"},"inLanguage":"pl-PL","potentialAction":[{"@type":"ReadAction","target":["https:\/\/pharmabest.pl\/sklep\/kontakt\/"]}]},{"@type":"BreadcrumbList","@id":"https:\/\/pharmabest.pl\/sklep\/kontakt\/#breadcrumb","itemListElement":[{"@type":"ListItem","position":1,"name":"Strona g\u0142\u00f3wna","item":"https:\/\/pharmabest.pl\/sklep\/"},{"@type":"ListItem","position":2,"name":"Kontakt"}]},{"@type":"WebSite","@id":"https:\/\/pharmabest.pl\/sklep\/#website","url":"https:\/\/pharmabest.pl\/sklep\/","name":"Sklep Pharmabest Sp. z o.o.","description":"Przedmiotem dzia\u0142alno\u015bci sp\u00f3\u0142ki jest dystrybucja wysokiej jako\u015bci produkt\u00f3w \u017cywno\u015bciowych oraz wyrob\u00f3w medycznych. Poszukujemy, rozwijamy i wdra\u017camy nowe marki dla polskich pacjent\u00f3w, kt\u00f3re nie by\u0142y dot\u0105d dost\u0119pne.","publisher":{"@id":"https:\/\/pharmabest.pl\/sklep\/#organization"},"potentialAction":[{"@type":"SearchAction","target":{"@type":"EntryPoint","urlTemplate":"https:\/\/pharmabest.pl\/sklep\/?s={search_term_string}"},"query-input":{"@type":"PropertyValueSpecification","valueRequired":true,"valueName":"search_term_string"}}],"inLanguage":"pl-PL"},{"@type":"Organization","@id":"https:\/\/pharmabest.pl\/sklep\/#organization","name":"Pharmabest Sp. z o.o.","url":"https:\/\/pharmabest.pl\/sklep\/","logo":{"@type":"ImageObject","inLanguage":"pl-PL","@id":"https:\/\/pharmabest.pl\/sklep\/#\/schema\/logo\/image\/","url":"https:\/\/pharmabest.pl\/sklep\/wp-content\/uploads\/2018\/10\/logo-ma\u0142e.png","contentUrl":"https:\/\/pharmabest.pl\/sklep\/wp-content\/uploads\/2018\/10\/logo-ma\u0142e.png","width":340,"height":48,"caption":"Pharmabest Sp. z o.o."},"image":{"@id":"https:\/\/pharmabest.pl\/sklep\/#\/schema\/logo\/image\/"},"sameAs":["https:\/\/www.facebook.com\/pharmabest.polska\/"]}]}},"_links":{"self":[{"href":"https:\/\/pharmabest.pl\/sklep\/wp-json\/wp\/v2\/pages\/6041","targetHints":{"allow":["GET"]}}],"collection":[{"href":"https:\/\/pharmabest.pl\/sklep\/wp-json\/wp\/v2\/pages"}],"about":[{"href":"https:\/\/pharmabest.pl\/sklep\/wp-json\/wp\/v2\/types\/page"}],"author":[{"embeddable":true,"href":"https:\/\/pharmabest.pl\/sklep\/wp-json\/wp\/v2\/users\/963"}],"replies":[{"embeddable":true,"href":"https:\/\/pharmabest.pl\/sklep\/wp-json\/wp\/v2\/comments?post=6041"}],"version-history":[{"count":0,"href":"https:\/\/pharmabest.pl\/sklep\/wp-json\/wp\/v2\/pages\/6041\/revisions"}],"wp:attachment":[{"href":"https:\/\/pharmabest.pl\/sklep\/wp-json\/wp\/v2\/media?parent=6041"}],"curies":[{"name":"wp","href":"https:\/\/api.w.org\/{rel}","templated":true}]}}